{"id":795,"date":"2017-07-03T03:58:12","date_gmt":"2017-07-03T03:58:12","guid":{"rendered":"http:\/\/smartdata.tonytemplates.com\/cleaning-service\/?page_id=795"},"modified":"2023-05-30T22:07:22","modified_gmt":"2023-05-30T22:07:22","slug":"order-page","status":"publish","type":"page","link":"http:\/\/cleaningagencyistria.hr\/en\/order-page\/","title":{"rendered":"Non-binding offer form"},"content":{"rendered":"<div class=\"vc_row wpb_row vc_row-fluid order-images\"><div class=\"wpb_column vc_column_container vc_col-sm-8\"><div class=\"vc_column-inner\"><div class=\"wpb_wrapper\"><div class=\"vc_row wpb_row vc_inner vc_row-fluid\"><div class=\"order-form-box select-wrapper-self wpb_column vc_column_container vc_col-sm-12\"><div class=\"vc_column-inner\"><div class=\"wpb_wrapper\">\n<div class=\"wpcf7 no-js\" id=\"wpcf7-f797-o1\" lang=\"en-US\" dir=\"ltr\">\n<div class=\"screen-reader-response\"><p role=\"status\" aria-live=\"polite\" aria-atomic=\"true\"><\/p> <ul><\/ul><\/div>\n<form action=\"\/en\/wp-json\/wp\/v2\/pages\/795#wpcf7-f797-o1\" method=\"post\" class=\"wpcf7-form init\" aria-label=\"Contact form\" novalidate=\"novalidate\" data-status=\"init\" data-trp-original-action=\"\/en\/wp-json\/wp\/v2\/pages\/795#wpcf7-f797-o1\">\n<div style=\"display: none;\">\n<input type=\"hidden\" name=\"_wpcf7\" value=\"797\" \/>\n<input type=\"hidden\" name=\"_wpcf7_version\" value=\"5.9.3\" \/>\n<input type=\"hidden\" name=\"_wpcf7_locale\" value=\"en_US\" \/>\n<input type=\"hidden\" name=\"_wpcf7_unit_tag\" value=\"wpcf7-f797-o1\" \/>\n<input type=\"hidden\" name=\"_wpcf7_container_post\" value=\"0\" \/>\n<input type=\"hidden\" name=\"_wpcf7_posted_data_hash\" value=\"\" \/>\n<input type=\"hidden\" name=\"_wpcf7_recaptcha_response\" value=\"\" \/>\n<\/div>\n<div id=\"orderForm\" method=\"post\" novalidate=\"novalidate\">\n\t<h4>Request an offer in 60 seconds\n\t<\/h4>\n\t<div class=\"divider-line\">\n\t<\/div>\n\t<div class=\"successform text-center\">\n\t\t<p>The message was successfully sent!\n\t\t<\/p>\n\t<\/div>\n\t<div class=\"errorform text-center\">\n\t\t<p>Something went wrong, try refreshing and filling out the form again.\n\t\t<\/p>\n\t<\/div>\n\t<h6>Contact information\n\t<\/h6>\n\t<p>This information will be used to contact you about your service.\n\t<\/p>\n\t<div class=\"row\">\n\t\t<div class=\"col-sm-6\">\n\t\t\t<p><span class=\"wpcf7-form-control-wrap\" data-name=\"your-name\"><input size=\"40\" class=\"wpcf7-form-control wpcf7-text wpcf7-validates-as-required input-custom input-custom--sm input-full\" aria-required=\"true\" aria-invalid=\"false\" placeholder=\"Your name\" value=\"\" type=\"text\" name=\"your-name\" \/><\/span>\n\t\t\t<\/p>\n\t\t<\/div>\n\t\t<div class=\"col-sm-6\">\n\t\t\t<p><span class=\"wpcf7-form-control-wrap\" data-name=\"your-address\"><input size=\"40\" class=\"wpcf7-form-control wpcf7-text wpcf7-validates-as-required input-custom input-custom--sm input-full\" aria-required=\"true\" aria-invalid=\"false\" placeholder=\"Your address and place\" value=\"\" type=\"text\" name=\"your-address\" \/><\/span>\n\t\t\t<\/p>\n\t\t<\/div>\n\t<\/div>\n\t<div class=\"row\">\n\t\t<div class=\"col-sm-6\">\n\t\t\t<p><span class=\"wpcf7-form-control-wrap\" data-name=\"your-phone\"><input class=\"wpcf7-form-control wpcf7-number wpcf7-validates-as-required wpcf7-validates-as-number input-custom input-custom--sm input-full\" aria-required=\"true\" aria-invalid=\"false\" placeholder=\"Telephone\" value=\"\" type=\"number\" name=\"your-phone\" \/><\/span>\n\t\t\t<\/p>\n\t\t<\/div>\n\t\t<div class=\"col-sm-6\">\n\t\t\t<p><span class=\"wpcf7-form-control-wrap\" data-name=\"your-email\"><input size=\"40\" class=\"wpcf7-form-control wpcf7-email wpcf7-validates-as-required wpcf7-text wpcf7-validates-as-email input-custom input-custom--sm input-full\" aria-required=\"true\" aria-invalid=\"false\" placeholder=\"E-mail\" value=\"\" type=\"email\" name=\"your-email\" \/><\/span>\n\t\t\t<\/p>\n\t\t<\/div>\n\t<\/div>\n\t<div class=\"divider-line\">\n\t<\/div>\n\t<h6>Place information\n\t<\/h6>\n\t<p>Tell us about your place\n\t<\/p>\n\t<div class=\"row\">\n\t\t<div class=\"col-sm-6\">\n\t\t\t<div class=\"qty-count qty-count--order\">\n\t\t\t\t<p><span class=\"count-reduce\">\u2013<\/span><br \/>\n<span class=\"wpcf7-form-control-wrap\" data-name=\"bedrooms\"><input size=\"40\" class=\"wpcf7-form-control wpcf7-text wpcf7-validates-as-required count-input\" aria-required=\"true\" aria-invalid=\"false\" placeholder=\"Number of rooms\" value=\"\" type=\"text\" name=\"bedrooms\" \/><\/span><br \/>\n<span class=\"count-add\">+<\/span>\n\t\t\t\t<\/p>\n\t\t\t<\/div>\n\t\t\t<div class=\"text-center input-comment\">\n\t\t\t\t<p>(Room + living room)\n\t\t\t\t<\/p>\n\t\t\t<\/div>\n\t\t<\/div>\n\t\t<div class=\"col-sm-6\">\n\t\t\t<div class=\"qty-count qty-count--order\">\n\t\t\t\t<p><span class=\"count-reduce\">\u2013<\/span><br \/>\n<span class=\"wpcf7-form-control-wrap\" data-name=\"kitchens\"><input size=\"40\" class=\"wpcf7-form-control wpcf7-text wpcf7-validates-as-required count-input\" aria-required=\"true\" aria-invalid=\"false\" placeholder=\"Number of kitchens\" value=\"\" type=\"text\" name=\"kitchens\" \/><\/span><br \/>\n<span class=\"count-add\">+<\/span>\n\t\t\t\t<\/p>\n\t\t\t<\/div>\n\t\t\t<div class=\"text-center input-comment\">\n\t\t\t\t<p>(Kitchen + pantry)\n\t\t\t\t<\/p>\n\t\t\t<\/div>\n\t\t<\/div>\n\t\t<div class=\"col-sm-6\">\n\t\t\t<div class=\"qty-count qty-count--order\">\n\t\t\t\t<p><span class=\"count-reduce\">\u2013<\/span><br \/>\n<span class=\"wpcf7-form-control-wrap\" data-name=\"hallways\"><input size=\"40\" class=\"wpcf7-form-control wpcf7-text wpcf7-validates-as-required count-input\" aria-required=\"true\" aria-invalid=\"false\" placeholder=\"Number of corridors\" value=\"\" type=\"text\" name=\"hallways\" \/><\/span><br \/>\n<span class=\"count-add\">+<\/span>\n\t\t\t\t<\/p>\n\t\t\t<\/div>\n\t\t\t<div class=\"text-center input-comment\">\n\t\t\t\t<p>(Corridor + Hallway)\n\t\t\t\t<\/p>\n\t\t\t<\/div>\n\t\t<\/div>\n\t\t<div class=\"col-sm-6\">\n\t\t\t<div class=\"qty-count qty-count--order\">\n\t\t\t\t<p><span class=\"count-reduce\">\u2013<\/span><br \/>\n<span class=\"wpcf7-form-control-wrap\" data-name=\"bathroom\"><input size=\"40\" class=\"wpcf7-form-control wpcf7-text wpcf7-validates-as-required count-input\" aria-required=\"true\" aria-invalid=\"false\" placeholder=\"Number of bathrooms\" value=\"\" type=\"text\" name=\"bathroom\" \/><\/span><br \/>\n<span class=\"count-add\">+<\/span>\n\t\t\t\t<\/p>\n\t\t\t<\/div>\n\t\t\t<div class=\"text-center input-comment\">\n\t\t\t\t<p>(Bathroom + Toilet)\n\t\t\t\t<\/p>\n\t\t\t<\/div>\n\t\t<\/div>\n\t\t<div class=\"col-sm-6\">\n\t\t\t<div class=\"qty-count qty-count--order\">\n\t\t\t\t<p><span class=\"count-reduce\">\u2013<\/span><br \/>\n<span class=\"wpcf7-form-control-wrap\" data-name=\"squaremeters\"><input size=\"40\" class=\"wpcf7-form-control wpcf7-text wpcf7-validates-as-required count-input\" aria-required=\"true\" aria-invalid=\"false\" placeholder=\"m2\" value=\"\" type=\"text\" name=\"squaremeters\" \/><\/span><br \/>\n<span class=\"count-add\">+<\/span>\n\t\t\t\t<\/p>\n\t\t\t<\/div>\n\t\t\t<div class=\"text-center input-comment\">\n\t\t\t\t<p>(Square meeters of your place)\n\t\t\t\t<\/p>\n\t\t\t<\/div>\n\t\t<\/div>\n\t\t<div class=\"col-sm-6\">\n\t\t\t<div class=\"qty-count qty-count--order\">\n\t\t\t\t<p><span class=\"count-reduce\">\u2013<\/span><br \/>\n<span class=\"wpcf7-form-control-wrap\" data-name=\"pets\"><input size=\"40\" class=\"wpcf7-form-control wpcf7-text wpcf7-validates-as-required count-input\" aria-required=\"true\" aria-invalid=\"false\" placeholder=\"Number of pets\" value=\"\" type=\"text\" name=\"pets\" \/><\/span><br \/>\n<span class=\"count-add\">+<\/span>\n\t\t\t\t<\/p>\n\t\t\t<\/div>\n\t\t\t<div class=\"text-center input-comment\">\n\t\t\t\t<p>(Total number in the house)\n\t\t\t\t<\/p>\n\t\t\t<\/div>\n\t\t<\/div>\n\t<\/div>\n\t<div class=\"divider-line\">\n\t<\/div>\n\t<h6>Type of service\n\t<\/h6>\n\t<div class=\"select-wrapper select-wrapper--sm\">\n\t\t<p><span class=\"wpcf7-form-control-wrap\" data-name=\"usluga\"><select class=\"wpcf7-form-control wpcf7-select wpcf7-validates-as-required input-custom input-custom--sm\" aria-required=\"true\" aria-invalid=\"false\" name=\"usluga\"><option value=\"\">Select a service<\/option><option value=\"\u010ci\u0161\u010denje apartamana\">Apartment cleaning<\/option><option value=\"\u010ci\u0161\u010denje stana\">Condo cleaning<\/option><option value=\"\u010ci\u0161\u010denje vile\">Villa cleaning<\/option><option value=\"\u010ci\u0161\u010denje ku\u0107e\">House cleaning<\/option><option value=\"\u010ci\u0161\u010denje kod selidbe\">Move-in\/Move-out cleaning<\/option><option value=\"\u010ci\u0161\u010denje kod renoviranja\">Renovation cleaning<\/option><option value=\"\u010ci\u0161\u010denje poslovnog prostora\">Business premises cleaning<\/option><option value=\"\u010ci\u0161\u010denje zgrade\">Building cleaning<\/option><option value=\"Parcijalno \u010di\u0161\u010denje\">Partial cleaning<\/option><\/select><\/span>\n\t\t<\/p>\n\t<\/div>\n\t<p><span class=\"wpcf7-form-control-wrap\" data-name=\"parcijalno\"><input size=\"40\" class=\"wpcf7-form-control wpcf7-text input-custom input-custom--sm input-full\" aria-invalid=\"false\" placeholder=\"For partial, specify the space\" value=\"\" type=\"text\" name=\"parcijalno\" \/><\/span>\n\t<\/p>\n<\/div>\n<div class=\"divider-line\">\n<\/div>\n<h6>Term of requested service\n<\/h6>\n<p>When would you like us to come?\n<\/p>\n<div class=\"row\">\n\t<div class=\"col-sm-4 col-md-5\">\n\t\t<div class=\"datetimepicker-wrap icon-time\">\n\t\t\t<p><span class=\"wpcf7-form-control-wrap\" data-name=\"datumtermina\"><input size=\"40\" class=\"wpcf7-form-control wpcf7-text wpcf7-validates-as-required form-control input-custom input-custom--sm datetimepicker\" aria-required=\"true\" aria-invalid=\"false\" value=\"\" type=\"text\" name=\"datumtermina\" \/><\/span>\n\t\t\t<\/p>\n\t\t<\/div>\n\t<\/div>\n\t<div class=\"col-sm-8 col-md-7 text-right select-wrapper-self text-center-xs\">\n\t\t<p><span class=\"hidden-xs\">Any time between &nbsp;<\/span>\n\t\t<\/p>\n\t\t<div class=\"select-wrapper select-wrapper--sm select-time\">\n\t\t\t<p><span class=\"wpcf7-form-control-wrap\" data-name=\"vrijemeterminaod\"><select class=\"wpcf7-form-control wpcf7-select input-custom input-custom--sm\" aria-invalid=\"false\" name=\"vrijemeterminaod\"><option value=\"8:00\">8:00<\/option><option value=\"9:00\">9:00<\/option><option value=\"10:00\">10:00<\/option><option value=\"11:00\">11:00<\/option><option value=\"12:00\">12:00<\/option><option value=\"13:00\">13:00<\/option><option value=\"14:00\">14:00<\/option><option value=\"15:00\">15:00<\/option><option value=\"16:00\">16:00<\/option><option value=\"Drugo\">Other<\/option><\/select><\/span>\n\t\t\t<\/p>\n\t\t<\/div>\n\t\t<p><span>&nbsp;-&nbsp;<\/span>\n\t\t<\/p>\n\t\t<div class=\"select-wrapper select-wrapper--sm select-time\">\n\t\t\t<p><span class=\"wpcf7-form-control-wrap\" data-name=\"vrijemeterminado\"><select class=\"wpcf7-form-control wpcf7-select input-custom input-custom--sm\" aria-invalid=\"false\" name=\"vrijemeterminado\"><option value=\"8:00\">8:00<\/option><option value=\"9:00\">9:00<\/option><option value=\"10:00\">10:00<\/option><option value=\"11:00\">11:00<\/option><option value=\"12:00\">12:00<\/option><option value=\"13:00\">13:00<\/option><option value=\"14:00\">14:00<\/option><option value=\"15:00\">15:00<\/option><option value=\"16:00\">16:00<\/option><option value=\"Drugo\">Other<\/option><\/select><\/span>\n\t\t\t<\/p>\n\t\t<\/div>\n\t<\/div>\n<\/div>\n<div class=\"divider-line\">\n<\/div>\n<h6>How often?\n<\/h6>\n<p>How often do you want a cleaning service?\n<\/p>\n<div class=\"label-box-wrap\">\n\t<p><span class=\"wpcf7-form-control-wrap\" data-name=\"trajanjeusluge\"><span class=\"wpcf7-form-control wpcf7-radio\"><span class=\"wpcf7-list-item first\"><label><input type=\"radio\" name=\"trajanjeusluge\" value=\"Jednokratno\" checked=\"checked\" \/><span class=\"wpcf7-list-item-label\">One-Time<\/span><\/label><\/span><span class=\"wpcf7-list-item\"><label><input type=\"radio\" name=\"trajanjeusluge\" value=\"Svakodnevno\" \/><span class=\"wpcf7-list-item-label\">Daily<\/span><\/label><\/span><span class=\"wpcf7-list-item\"><label><input type=\"radio\" name=\"trajanjeusluge\" value=\"Tjedno\" \/><span class=\"wpcf7-list-item-label\">Weekly<\/span><\/label><\/span><span class=\"wpcf7-list-item\"><label><input type=\"radio\" name=\"trajanjeusluge\" value=\"Dvotjedno\" \/><span class=\"wpcf7-list-item-label\">Biweekly<\/span><\/label><\/span><span class=\"wpcf7-list-item\"><label><input type=\"radio\" name=\"trajanjeusluge\" value=\"Trotjedno\" \/><span class=\"wpcf7-list-item-label\">Three-week<\/span><\/label><\/span><span class=\"wpcf7-list-item\"><label><input type=\"radio\" name=\"trajanjeusluge\" value=\"Mjese\u010dno\" \/><span class=\"wpcf7-list-item-label\">Monthly<\/span><\/label><\/span><span class=\"wpcf7-list-item\"><label><input type=\"radio\" name=\"trajanjeusluge\" value=\"Ugovorno\" \/><span class=\"wpcf7-list-item-label\">Contractual<\/span><\/label><\/span><span class=\"wpcf7-list-item last\"><label><input type=\"radio\" name=\"trajanjeusluge\" value=\"Drugo...\" \/><span class=\"wpcf7-list-item-label\">Other...<\/span><\/label><\/span><\/span><\/span>\n\t<\/p>\n<\/div>\n<div class=\"divider-line\">\n<\/div>\n<h6>Additional services\n<\/h6>\n<p>Choose additional services for sparkling cleanliness\n<\/p>\n<div class=\"row\">\n\t<div class=\"col-sm-6\">\n\t\t<div class=\"qty-count qty-count--order\">\n\t\t\t<p><span class=\"count-reduce\">\u2013<\/span><br \/>\n<span class=\"wpcf7-form-control-wrap\" data-name=\"pecnica\"><input size=\"40\" class=\"wpcf7-form-control wpcf7-text count-input\" aria-invalid=\"false\" placeholder=\"\" value=\"\" type=\"text\" name=\"pecnica\" \/><\/span><br \/>\n<span class=\"count-add\">+<\/span>\n\t\t\t<\/p>\n\t\t<\/div>\n\t\t<div class=\"text-center input-comment\">\n\t\t\t<p>Oven\n\t\t\t<\/p>\n\t\t<\/div>\n\t<\/div>\n\t<div class=\"col-sm-6\">\n\t\t<div class=\"qty-count qty-count--order\">\n\t\t\t<p><span class=\"count-reduce\">\u2013<\/span><br \/>\n<span class=\"wpcf7-form-control-wrap\" data-name=\"hladnjak\"><input size=\"40\" class=\"wpcf7-form-control wpcf7-text count-input\" aria-invalid=\"false\" placeholder=\"\" value=\"\" type=\"text\" name=\"hladnjak\" \/><\/span><br \/>\n<span class=\"count-add\">+<\/span>\n\t\t\t<\/p>\n\t\t<\/div>\n\t\t<div class=\"text-center input-comment\">\n\t\t\t<p>Refrigerator\n\t\t\t<\/p>\n\t\t<\/div>\n\t<\/div>\n<\/div>\n<div class=\"divider-line\">\n<\/div>\n<h6>Additional message\n<\/h6>\n<p>Enter a message with an additional description or a specific query\n<\/p>\n<div class=\"row\">\n\t<div class=\"col-sm-10>\t\t<p><span class=\"wpcf7-form-control-wrap\" data-name=\"poruka\"><textarea cols=\"40\" rows=\"5\" class=\"wpcf7-form-control wpcf7-textarea form-control\" aria-invalid=\"false\" placeholder=\"Message...\" name=\"poruka\"><\/textarea><\/span>\n\t\t<\/p>\n\t<\/div>\n\t<div class=\"divider\">\n\t<\/div>\n\t<div class=\"divider-line\">\n\t<\/div>\n\t<div class=\"divider\">\n\t<\/div>\n\t<p class=\"text-center defr-content\">That's all for now! We will respond to your inquiry as soon as possible. Thank you for your interest!\n\t<\/p>\n\t<div class=\"text-center\">\n\t\t<p><input class=\"wpcf7-form-control wpcf7-submit has-spinner btn btn-wide\" type=\"submit\" value=\"Send\" \/>\n\t\t<\/p>\n\t<\/div>\n\t<div class=\"text-center\">\n\t\t<p><span class=\"wpcf7-form-control-wrap\" data-name=\"GDPR\"><span class=\"wpcf7-form-control wpcf7-acceptance\"><span class=\"wpcf7-list-item\"><label><input type=\"checkbox\" name=\"GDPR\" value=\"1\" aria-invalid=\"false\" \/><span class=\"wpcf7-list-item-label\">I give my consent to the collection and processing of the data specified in the form. I understand and agree with <a href=\"http:\/\/cleaningagencyistria.hr\/en\/privacy\/\" target=\"_blank\">Privacy Statement<\/a><\/span><\/label><\/span><\/span><\/span>\n\t\t<\/p>\n\t<\/div>\n\t<div class=\"divider\">\n\t<\/div>\n\t<div class=\"successform text-center\">\n\t\t<div class=\"divider-line\">\n\t\t<\/div>\n\t\t<p>Your inquiry has been succesfuly sent!\n\t\t<\/p>\n\t\t<div class=\"divider\">\n\t\t<\/div>\n\t<\/div>\n\t<div class=\"errorform text-center\">\n\t\t<div class=\"divider-line\">\n\t\t<\/div>\n\t\t<p>Something went wrong. Try refreshing and filling out the form again.\n\t\t<\/p>\n\t\t<div class=\"divider\">\n\t\t<\/div>\n\t<\/div>\n<\/div><div class=\"wpcf7-response-output\" aria-hidden=\"true\"><\/div>\n<input type=\"hidden\" name=\"trp-form-language\" value=\"en\"\/><\/form>\n<\/div>\n<\/div><\/div><\/div><\/div><\/div><\/div><\/div><div class=\"wpb_column vc_column_container vc_col-sm-4\"><div class=\"vc_column-inner\"><div class=\"wpb_wrapper\">\n\t<div  class=\"wpb_single_image wpb_content_element vc_align_left\">\n\t\t\n\t\t<figure class=\"wpb_wrapper vc_figure\">\n\t\t\t<div class=\"vc_single_image-wrapper   vc_box_border_grey\"><img loading=\"lazy\" decoding=\"async\" width=\"370\" height=\"1338\" src=\"http:\/\/cleaningagencyistria.hr\/wp-content\/uploads\/2023\/05\/orderform.jpg\" class=\"vc_single_image-img attachment-full\" alt=\"\" srcset=\"http:\/\/cleaningagencyistria.hr\/wp-content\/uploads\/2023\/05\/orderform.jpg 370w, http:\/\/cleaningagencyistria.hr\/wp-content\/uploads\/2023\/05\/orderform-83x300.jpg 83w, http:\/\/cleaningagencyistria.hr\/wp-content\/uploads\/2023\/05\/orderform-283x1024.jpg 283w, http:\/\/cleaningagencyistria.hr\/wp-content\/uploads\/2023\/05\/orderform-3x12.jpg 3w\" sizes=\"auto, (max-width: 370px) 100vw, 370px\" \/><\/div>\n\t\t<\/figure>\n\t<\/div>\n<\/div><\/div><\/div><\/div>","protected":false},"excerpt":{"rendered":"Zatra\u017eite ponudu u 60 sekundi Poruka je uspje\u0161no poslana! Ne\u0161to je po\u0161lo po zlu, probajte osvje\u017eiti i ponovno ispuniti obrazac. Kontakt podaci Va\u0161i podaci za daljnju komunikacjiu oko tra\u017eene usluge Podaci o objektu Ispunite podatke o objektu za koji \u017eelite uslugu \u010di\u0161\u010denja \u2013 + (Soba + dnevni boravak) \u2013 + (Kuhinja + ostava) \u2013 + [...]","protected":false},"author":1,"featured_media":0,"parent":0,"menu_order":0,"comment_status":"closed","ping_status":"closed","template":"","meta":{"footnotes":""},"class_list":["post-795","page","type-page","status-publish","hentry"],"yoast_head":"<!-- This site is optimized with the Yoast SEO plugin v22.3 - https:\/\/yoast.com\/wordpress\/plugins\/seo\/ -->\n<title>Obrazac za neobvezuju\u0107u ponudu - Cleaning Agency Istria<\/title>\n<meta name=\"robots\" content=\"index, follow, max-snippet:-1, max-image-preview:large, max-video-preview:-1\" \/>\n<link rel=\"canonical\" href=\"http:\/\/cleaningagencyistria.hr\/en\/order-page\/\" \/>\n<meta property=\"og:locale\" content=\"en_US\" \/>\n<meta property=\"og:type\" content=\"article\" \/>\n<meta property=\"og:title\" content=\"Obrazac za neobvezuju\u0107u ponudu - Cleaning Agency Istria\" \/>\n<meta property=\"og:url\" content=\"http:\/\/cleaningagencyistria.hr\/en\/order-page\/\" \/>\n<meta property=\"og:site_name\" content=\"Cleaning Agency Istria\" \/>\n<meta property=\"article:modified_time\" content=\"2023-05-30T22:07:22+00:00\" \/>\n<meta name=\"twitter:card\" content=\"summary_large_image\" \/>\n<meta name=\"twitter:label1\" content=\"Est. reading time\" \/>\n\t<meta name=\"twitter:data1\" content=\"1 minute\" \/>\n<script type=\"application\/ld+json\" class=\"yoast-schema-graph\">{\"@context\":\"https:\/\/schema.org\",\"@graph\":[{\"@type\":\"WebPage\",\"@id\":\"http:\/\/cleaningagencyistria.hr\/order-page\/\",\"url\":\"http:\/\/cleaningagencyistria.hr\/order-page\/\",\"name\":\"Obrazac za neobvezuju\u0107u ponudu - Cleaning Agency Istria\",\"isPartOf\":{\"@id\":\"http:\/\/cleaningagencyistria.hr\/#website\"},\"datePublished\":\"2017-07-03T03:58:12+00:00\",\"dateModified\":\"2023-05-30T22:07:22+00:00\",\"breadcrumb\":{\"@id\":\"http:\/\/cleaningagencyistria.hr\/order-page\/#breadcrumb\"},\"inLanguage\":\"en-US\",\"potentialAction\":[{\"@type\":\"ReadAction\",\"target\":[\"http:\/\/cleaningagencyistria.hr\/order-page\/\"]}]},{\"@type\":\"BreadcrumbList\",\"@id\":\"http:\/\/cleaningagencyistria.hr\/order-page\/#breadcrumb\",\"itemListElement\":[{\"@type\":\"ListItem\",\"position\":1,\"name\":\"Po\u010detna\",\"item\":\"http:\/\/cleaningagencyistria.hr\/\"},{\"@type\":\"ListItem\",\"position\":2,\"name\":\"Obrazac za neobvezuju\u0107u ponudu\"}]},{\"@type\":\"WebSite\",\"@id\":\"http:\/\/cleaningagencyistria.hr\/#website\",\"url\":\"http:\/\/cleaningagencyistria.hr\/\",\"name\":\"Cleaning Agency Istria\",\"description\":\"Sparkling Clean\",\"potentialAction\":[{\"@type\":\"SearchAction\",\"target\":{\"@type\":\"EntryPoint\",\"urlTemplate\":\"http:\/\/cleaningagencyistria.hr\/?s={search_term_string}\"},\"query-input\":\"required name=search_term_string\"}],\"inLanguage\":\"en-US\"}]}<\/script>\n<!-- \/ Yoast SEO plugin. -->","yoast_head_json":{"title":"Obrazac za neobvezuju\u0107u ponudu - Cleaning Agency Istria","robots":{"index":"index","follow":"follow","max-snippet":"max-snippet:-1","max-image-preview":"max-image-preview:large","max-video-preview":"max-video-preview:-1"},"canonical":"http:\/\/cleaningagencyistria.hr\/en\/order-page\/","og_locale":"en_US","og_type":"article","og_title":"Obrazac za neobvezuju\u0107u ponudu - Cleaning Agency Istria","og_url":"http:\/\/cleaningagencyistria.hr\/en\/order-page\/","og_site_name":"Cleaning Agency Istria","article_modified_time":"2023-05-30T22:07:22+00:00","twitter_card":"summary_large_image","twitter_misc":{"Est. reading time":"1 minute"},"schema":{"@context":"https:\/\/schema.org","@graph":[{"@type":"WebPage","@id":"http:\/\/cleaningagencyistria.hr\/order-page\/","url":"http:\/\/cleaningagencyistria.hr\/order-page\/","name":"Obrazac za neobvezuju\u0107u ponudu - Cleaning Agency Istria","isPartOf":{"@id":"http:\/\/cleaningagencyistria.hr\/#website"},"datePublished":"2017-07-03T03:58:12+00:00","dateModified":"2023-05-30T22:07:22+00:00","breadcrumb":{"@id":"http:\/\/cleaningagencyistria.hr\/order-page\/#breadcrumb"},"inLanguage":"en-US","potentialAction":[{"@type":"ReadAction","target":["http:\/\/cleaningagencyistria.hr\/order-page\/"]}]},{"@type":"BreadcrumbList","@id":"http:\/\/cleaningagencyistria.hr\/order-page\/#breadcrumb","itemListElement":[{"@type":"ListItem","position":1,"name":"Po\u010detna","item":"http:\/\/cleaningagencyistria.hr\/"},{"@type":"ListItem","position":2,"name":"Obrazac za neobvezuju\u0107u ponudu"}]},{"@type":"WebSite","@id":"http:\/\/cleaningagencyistria.hr\/#website","url":"http:\/\/cleaningagencyistria.hr\/","name":"Cleaning Agency Istria","description":"Sparkling Clean","potentialAction":[{"@type":"SearchAction","target":{"@type":"EntryPoint","urlTemplate":"http:\/\/cleaningagencyistria.hr\/?s={search_term_string}"},"query-input":"required name=search_term_string"}],"inLanguage":"en-US"}]}},"_links":{"self":[{"href":"http:\/\/cleaningagencyistria.hr\/en\/wp-json\/wp\/v2\/pages\/795","targetHints":{"allow":["GET"]}}],"collection":[{"href":"http:\/\/cleaningagencyistria.hr\/en\/wp-json\/wp\/v2\/pages"}],"about":[{"href":"http:\/\/cleaningagencyistria.hr\/en\/wp-json\/wp\/v2\/types\/page"}],"author":[{"embeddable":true,"href":"http:\/\/cleaningagencyistria.hr\/en\/wp-json\/wp\/v2\/users\/1"}],"replies":[{"embeddable":true,"href":"http:\/\/cleaningagencyistria.hr\/en\/wp-json\/wp\/v2\/comments?post=795"}],"version-history":[{"count":2,"href":"http:\/\/cleaningagencyistria.hr\/en\/wp-json\/wp\/v2\/pages\/795\/revisions"}],"predecessor-version":[{"id":1625,"href":"http:\/\/cleaningagencyistria.hr\/en\/wp-json\/wp\/v2\/pages\/795\/revisions\/1625"}],"wp:attachment":[{"href":"http:\/\/cleaningagencyistria.hr\/en\/wp-json\/wp\/v2\/media?parent=795"}],"curies":[{"name":"wp","href":"https:\/\/api.w.org\/{rel}","templated":true}]}}