{"id":302,"date":"2017-06-21T05:00:59","date_gmt":"2017-06-21T05:00:59","guid":{"rendered":"http:\/\/smartdata.tonytemplates.com\/cleaning-service\/?page_id=302"},"modified":"2023-06-03T18:30:42","modified_gmt":"2023-06-03T18:30:42","slug":"contacts","status":"publish","type":"page","link":"http:\/\/cleaningagencyistria.hr\/en\/contacts\/","title":{"rendered":"Contact"},"content":{"rendered":"<div class=\"vc_row wpb_row vc_row-fluid Contact-pages-1\"><div class=\"side-contact-1 wpb_column vc_column_container vc_col-sm-4\"><div class=\"vc_column-inner\"><div class=\"wpb_wrapper\"><div  class=\"wpb_widgetised_column wpb_content_element\">\n\t\t<div class=\"wpb_wrapper\">\n\t\t\t<h2 class=\"wpb_heading wpb_widgetised_column_heading\">Contact<\/h2>\n\t\t\t<div id=\"cleaning_contact_box-1\" class=\"widget widget_cleaning_contact_box\">        <div class=\"col-md-12\">\n            <div class=\"contact-info-sm\">\n                <h5>E- Mail<\/h5>\n                <i class=\"icon icon-map-marker\"><\/i>\n                                    <div>  <a href=\"mailto:info@\u2022cleaningagencyistria.hr\">info@cleaningagencyistria.hr<\/a> \n                    <\/div>\n                            <\/div>\n            <div class=\"contact-info-sm\">\n                <h5>Telephone<\/h5>\n                <i class=\"icon icon-technology\"><\/i>\n                                    <div>  <a href=\"tel: 385981707641\">+385 (0) 98 170 76 41<\/a> \n                    <\/div>\n                            <\/div>\n            <div class=\"contact-info-sm\">\n                <h5>Working hours<\/h5>\n                <i class=\"icon icon-clock\"><\/i>\n                                    <div>  00:00 - 24:00 \n                    <\/div>\n                            <\/div>\n            <div class=\"divider\"><\/div>\n            <h5>\n                            <\/h5>\n            <ul class=\"social-list\">\n                <!--googleplus-->\n                \n                \n                \n                  \n            <\/ul>\n        <\/div>\n        <\/div>\n\t\t<\/div>\n\t<\/div>\n<\/div><\/div><\/div><div class=\"side-contact-2 wpb_column vc_column_container vc_col-sm-8\"><div class=\"vc_column-inner\"><div class=\"wpb_wrapper\">\n\t<div class=\"wpb_text_column wpb_content_element\" >\n\t\t<div class=\"wpb_wrapper\">\n\t\t\t<h2 class=\"text-center h-lg h-decor\">Get in Touch<\/h2>\n\n\t\t<\/div>\n\t<\/div>\n\n<div class=\"wpcf7 no-js\" id=\"wpcf7-f796-o1\" lang=\"en-US\" dir=\"ltr\">\n<div class=\"screen-reader-response\"><p role=\"status\" aria-live=\"polite\" aria-atomic=\"true\"><\/p> <ul><\/ul><\/div>\n<form action=\"\/en\/wp-json\/wp\/v2\/pages\/302#wpcf7-f796-o1\" method=\"post\" class=\"wpcf7-form init\" aria-label=\"Contact form\" novalidate=\"novalidate\" data-status=\"init\" data-trp-original-action=\"\/en\/wp-json\/wp\/v2\/pages\/302#wpcf7-f796-o1\">\n<div style=\"display: none;\">\n<input type=\"hidden\" name=\"_wpcf7\" value=\"796\" \/>\n<input type=\"hidden\" name=\"_wpcf7_version\" value=\"5.9.3\" \/>\n<input type=\"hidden\" name=\"_wpcf7_locale\" value=\"en_US\" \/>\n<input type=\"hidden\" name=\"_wpcf7_unit_tag\" value=\"wpcf7-f796-o1\" \/>\n<input type=\"hidden\" name=\"_wpcf7_container_post\" value=\"0\" \/>\n<input type=\"hidden\" name=\"_wpcf7_posted_data_hash\" value=\"\" \/>\n<input type=\"hidden\" name=\"_wpcf7_recaptcha_response\" value=\"\" \/>\n<\/div>\n<div class=\"contact-form\" id=\"contactForm\" method=\"post\" novalidate=\"novalidate\" _lpchecked=\"1\">\n\t<div class=\"successform text-center\">\n\t\t<p>[your-name],thank you for your inquiry. Postman is on its way.\n\t\t<\/p>\n\t<\/div>\n\t<div class=\"errorform text-center\">\n\t\t<p>Something went wrong. Try filling out the form again.\n\t\t<\/p>\n\t<\/div>\n\t<div class=\"input-wrapper\">\n\t\t<p><span class=\"wpcf7-form-control-wrap\" data-name=\"your-name\"><input size=\"40\" class=\"wpcf7-form-control wpcf7-text wpcf7-validates-as-required form-control input-custom\" aria-required=\"true\" aria-invalid=\"false\" placeholder=\"Your name\" value=\"\" type=\"text\" name=\"your-name\" \/><\/span>\n\t\t<\/p>\n\t<\/div>\n\t<div class=\"input-wrapper\">\n\t\t<p><span class=\"wpcf7-form-control-wrap\" data-name=\"your-email\"><input size=\"40\" class=\"wpcf7-form-control wpcf7-email wpcf7-validates-as-required wpcf7-text wpcf7-validates-as-email form-control input-custom\" aria-required=\"true\" aria-invalid=\"false\" placeholder=\"Email\" value=\"\" type=\"email\" name=\"your-email\" \/><\/span>\n\t\t<\/p>\n\t<\/div>\n\t<div class=\"input-wrapper\">\n\t\t<p><span class=\"wpcf7-form-control-wrap\" data-name=\"your-subject\"><input size=\"40\" class=\"wpcf7-form-control wpcf7-text wpcf7-validates-as-required form-control input-custom\" aria-required=\"true\" aria-invalid=\"false\" placeholder=\"Subject\" value=\"\" type=\"text\" name=\"your-subject\" \/><\/span>\n\t\t<\/p>\n\t<\/div>\n\t<div class=\"input-wrapper\">\n\t\t<p><span class=\"wpcf7-form-control-wrap\" data-name=\"your-message\"><textarea cols=\"40\" rows=\"10\" class=\"wpcf7-form-control wpcf7-textarea wpcf7-validates-as-required form-control textarea-custom\" aria-required=\"true\" aria-invalid=\"false\" placeholder=\"Your message\" name=\"your-message\"><\/textarea><\/span>\n\t\t<\/p>\n\t<\/div>\n\t<div class=\"text-center\">\n\t\t<p><input class=\"wpcf7-form-control wpcf7-submit has-spinner btn\" type=\"submit\" value=\"Send message\" \/>\n\t\t<\/p>\n\t<\/div>\n\t<div class=\"text-center\">\n\t\t<p><span class=\"wpcf7-form-control-wrap\" data-name=\"GDPR\"><span class=\"wpcf7-form-control wpcf7-acceptance\"><span class=\"wpcf7-list-item\"><label><input type=\"checkbox\" name=\"GDPR\" value=\"1\" aria-invalid=\"false\" \/><span class=\"wpcf7-list-item-label\">I give my consent to the collection and processing of the data specified in the form. I understand and agree with <a href=\"http:\/\/cleaningagencyistria.hr\/en\/privacy\/\" target=\"_blank\">Privacy Statement<\/a><\/span><\/label><\/span><\/span><\/span>\n\t\t<\/p>\n\t<\/div>\n<\/div><div class=\"wpcf7-response-output\" aria-hidden=\"true\"><\/div>\n<input type=\"hidden\" name=\"trp-form-language\" value=\"en\"\/><\/form>\n<\/div>\n<\/div><\/div><\/div><\/div><div class=\"vc_row wpb_row vc_row-fluid contact-pages-list\"><div class=\"list-contact-1 wpb_column vc_column_container vc_col-sm-4\"><div class=\"vc_column-inner\"><div class=\"wpb_wrapper\">\n\t<div class=\"wpb_text_column wpb_content_element  wpb_animate_when_almost_visible wpb_fadeInLeft fadeInLeft\" >\n\t\t<div class=\"wpb_wrapper\">\n\t\t\t<h6>Request a non-binding offer.<\/h6>\n<ul class=\"marker-list\">\n<li>No contracts and no obligation<\/li>\n<li>Competitive Rates<\/li>\n<li>Top quality work<\/li>\n<li>A service schedule designed to meet your needs<\/li>\n<li>Supplies included in the price<\/li>\n<li>Canceling or postponing the appointment<\/li>\n<\/ul>\n<p>&nbsp;<\/p>\n\n\t\t<\/div>\n\t<\/div>\n<\/div><\/div><\/div><div class=\"list-contact-2 wpb_column vc_column_container vc_col-sm-4\"><div class=\"vc_column-inner\"><div class=\"wpb_wrapper\"><div class=\"vc_separator wpb_content_element vc_separator_align_center vc_sep_width_100 vc_sep_border_width_3 vc_sep_pos_align_center vc_sep_color_green wpb_animate_when_almost_visible wpb_bounceInDown bounceInDown vc_separator-has-text\" ><span class=\"vc_sep_holder vc_sep_holder_l\"><span  class=\"vc_sep_line\"><\/span><\/span><h4>Company info<\/h4><span class=\"vc_sep_holder vc_sep_holder_r\"><span  class=\"vc_sep_line\"><\/span><\/span>\n<\/div>\n\t<div class=\"wpb_text_column wpb_content_element  wpb_animate_when_almost_visible wpb_fadeInUp fadeInUp\" >\n\t\t<div class=\"wpb_wrapper\">\n\t\t\t<p><strong>CLEANING AGENCY ISTRIA<br \/>\n<\/strong><strong>obrt za \u010di\u0161\u0107enje, vl. Renata Badrov<br \/>\n<\/strong><strong>Ulica Sigari 9, Gali\u017eana<br \/>\n52215 Vodnjan<br \/>\nPIN: 72778055585<br \/>\nIN: 98572679<br \/>\nE-Mail: <a href=\"mailto:info@cleaningagencyistria.hr\">info@cleaningagencyistria.hr<\/a><br \/>\nTelephone: <a href=\"tel: 385981707641\">+385 (0) 98 170 76 41<\/a><br \/>\n<\/strong><\/p>\n\n\t\t<\/div>\n\t<\/div>\n<\/div><\/div><\/div><div class=\"list-contact-3 wpb_column vc_column_container vc_col-sm-4\"><div class=\"vc_column-inner\"><div class=\"wpb_wrapper\"><div class=\"vc_separator wpb_content_element vc_separator_align_center vc_sep_width_100 vc_sep_border_width_3 vc_sep_pos_align_center vc_sep_color_turquoise wpb_animate_when_almost_visible wpb_bounceInDown bounceInDown vc_separator-has-text\" ><span class=\"vc_sep_holder vc_sep_holder_l\"><span  class=\"vc_sep_line\"><\/span><\/span><h4>Payment info<\/h4><span class=\"vc_sep_holder vc_sep_holder_r\"><span  class=\"vc_sep_line\"><\/span><\/span>\n<\/div>\n\t<div class=\"wpb_text_column wpb_content_element  wpb_animate_when_almost_visible wpb_fadeInRight fadeInRight\" >\n\t\t<div class=\"wpb_wrapper\">\n\t\t\t<p>Method of payment:<\/p>\n<ul>\n<li>Payment slip<\/li>\n<li>Internet banking<\/li>\n<\/ul>\n<p><strong><br \/>\nIBAN: HR5123800061130009282<\/strong> at Istarska Kreditna Banka Umag d.d.<\/p>\n\n\t\t<\/div>\n\t<\/div>\n<\/div><\/div><\/div><\/div>","protected":false},"excerpt":{"rendered":"Kontakt E- Mail info@cleaningagencyistria.hr Telefon +385 (0) 98 170 76 41 Radno vrijeme 00:00 - 24:00 Javite nam se [your-name], hvala na poslanom upitu. Po\u0161tar je ve\u0107 na putu. Ne\u0161to je po\u0161lo po zlu. Probajte nanovo ispuniti obrazac. Dajem suglasnost za prikupljanje i obradu podataka navedenih u obrascu. Razumijem i sla\u017eem se s Izjavom o [...]","protected":false},"author":1,"featured_media":0,"parent":0,"menu_order":0,"comment_status":"closed","ping_status":"closed","template":"","meta":{"footnotes":""},"class_list":["post-302","page","type-page","status-publish","hentry"],"yoast_head":"<!-- This site is optimized with the Yoast SEO plugin v22.3 - https:\/\/yoast.com\/wordpress\/plugins\/seo\/ -->\n<title>Kontakt - Cleaning Agency Istria<\/title>\n<meta name=\"robots\" content=\"index, follow, max-snippet:-1, max-image-preview:large, max-video-preview:-1\" \/>\n<link rel=\"canonical\" href=\"http:\/\/cleaningagencyistria.hr\/en\/contacts\/\" \/>\n<meta property=\"og:locale\" content=\"en_US\" \/>\n<meta property=\"og:type\" content=\"article\" \/>\n<meta property=\"og:title\" content=\"Kontakt - Cleaning Agency Istria\" \/>\n<meta property=\"og:url\" content=\"http:\/\/cleaningagencyistria.hr\/en\/contacts\/\" \/>\n<meta property=\"og:site_name\" content=\"Cleaning Agency Istria\" \/>\n<meta property=\"article:modified_time\" content=\"2023-06-03T18:30:42+00:00\" \/>\n<meta name=\"twitter:card\" content=\"summary_large_image\" \/>\n<meta name=\"twitter:label1\" content=\"Est. reading time\" \/>\n\t<meta name=\"twitter:data1\" content=\"1 minute\" \/>\n<script type=\"application\/ld+json\" class=\"yoast-schema-graph\">{\"@context\":\"https:\/\/schema.org\",\"@graph\":[{\"@type\":\"WebPage\",\"@id\":\"https:\/\/cleaningagencyistria.hr\/contacts\/\",\"url\":\"https:\/\/cleaningagencyistria.hr\/contacts\/\",\"name\":\"Kontakt - Cleaning Agency Istria\",\"isPartOf\":{\"@id\":\"http:\/\/cleaningagencyistria.hr\/#website\"},\"datePublished\":\"2017-06-21T05:00:59+00:00\",\"dateModified\":\"2023-06-03T18:30:42+00:00\",\"breadcrumb\":{\"@id\":\"https:\/\/cleaningagencyistria.hr\/contacts\/#breadcrumb\"},\"inLanguage\":\"en-US\",\"potentialAction\":[{\"@type\":\"ReadAction\",\"target\":[\"https:\/\/cleaningagencyistria.hr\/contacts\/\"]}]},{\"@type\":\"BreadcrumbList\",\"@id\":\"https:\/\/cleaningagencyistria.hr\/contacts\/#breadcrumb\",\"itemListElement\":[{\"@type\":\"ListItem\",\"position\":1,\"name\":\"Po\u010detna\",\"item\":\"http:\/\/cleaningagencyistria.hr\/\"},{\"@type\":\"ListItem\",\"position\":2,\"name\":\"Kontakt\"}]},{\"@type\":\"WebSite\",\"@id\":\"http:\/\/cleaningagencyistria.hr\/#website\",\"url\":\"http:\/\/cleaningagencyistria.hr\/\",\"name\":\"Cleaning Agency Istria\",\"description\":\"Sparkling Clean\",\"potentialAction\":[{\"@type\":\"SearchAction\",\"target\":{\"@type\":\"EntryPoint\",\"urlTemplate\":\"http:\/\/cleaningagencyistria.hr\/?s={search_term_string}\"},\"query-input\":\"required name=search_term_string\"}],\"inLanguage\":\"en-US\"}]}<\/script>\n<!-- \/ Yoast SEO plugin. -->","yoast_head_json":{"title":"Kontakt - Cleaning Agency Istria","robots":{"index":"index","follow":"follow","max-snippet":"max-snippet:-1","max-image-preview":"max-image-preview:large","max-video-preview":"max-video-preview:-1"},"canonical":"http:\/\/cleaningagencyistria.hr\/en\/contacts\/","og_locale":"en_US","og_type":"article","og_title":"Kontakt - Cleaning Agency Istria","og_url":"http:\/\/cleaningagencyistria.hr\/en\/contacts\/","og_site_name":"Cleaning Agency Istria","article_modified_time":"2023-06-03T18:30:42+00:00","twitter_card":"summary_large_image","twitter_misc":{"Est. reading time":"1 minute"},"schema":{"@context":"https:\/\/schema.org","@graph":[{"@type":"WebPage","@id":"https:\/\/cleaningagencyistria.hr\/contacts\/","url":"https:\/\/cleaningagencyistria.hr\/contacts\/","name":"Kontakt - Cleaning Agency Istria","isPartOf":{"@id":"http:\/\/cleaningagencyistria.hr\/#website"},"datePublished":"2017-06-21T05:00:59+00:00","dateModified":"2023-06-03T18:30:42+00:00","breadcrumb":{"@id":"https:\/\/cleaningagencyistria.hr\/contacts\/#breadcrumb"},"inLanguage":"en-US","potentialAction":[{"@type":"ReadAction","target":["https:\/\/cleaningagencyistria.hr\/contacts\/"]}]},{"@type":"BreadcrumbList","@id":"https:\/\/cleaningagencyistria.hr\/contacts\/#breadcrumb","itemListElement":[{"@type":"ListItem","position":1,"name":"Po\u010detna","item":"http:\/\/cleaningagencyistria.hr\/"},{"@type":"ListItem","position":2,"name":"Kontakt"}]},{"@type":"WebSite","@id":"http:\/\/cleaningagencyistria.hr\/#website","url":"http:\/\/cleaningagencyistria.hr\/","name":"Cleaning Agency Istria","description":"Sparkling Clean","potentialAction":[{"@type":"SearchAction","target":{"@type":"EntryPoint","urlTemplate":"http:\/\/cleaningagencyistria.hr\/?s={search_term_string}"},"query-input":"required name=search_term_string"}],"inLanguage":"en-US"}]}},"_links":{"self":[{"href":"http:\/\/cleaningagencyistria.hr\/en\/wp-json\/wp\/v2\/pages\/302","targetHints":{"allow":["GET"]}}],"collection":[{"href":"http:\/\/cleaningagencyistria.hr\/en\/wp-json\/wp\/v2\/pages"}],"about":[{"href":"http:\/\/cleaningagencyistria.hr\/en\/wp-json\/wp\/v2\/types\/page"}],"author":[{"embeddable":true,"href":"http:\/\/cleaningagencyistria.hr\/en\/wp-json\/wp\/v2\/users\/1"}],"replies":[{"embeddable":true,"href":"http:\/\/cleaningagencyistria.hr\/en\/wp-json\/wp\/v2\/comments?post=302"}],"version-history":[{"count":21,"href":"http:\/\/cleaningagencyistria.hr\/en\/wp-json\/wp\/v2\/pages\/302\/revisions"}],"predecessor-version":[{"id":1649,"href":"http:\/\/cleaningagencyistria.hr\/en\/wp-json\/wp\/v2\/pages\/302\/revisions\/1649"}],"wp:attachment":[{"href":"http:\/\/cleaningagencyistria.hr\/en\/wp-json\/wp\/v2\/media?parent=302"}],"curies":[{"name":"wp","href":"https:\/\/api.w.org\/{rel}","templated":true}]}}