{"id":292,"date":"2017-06-21T04:59:35","date_gmt":"2017-06-21T04:59:35","guid":{"rendered":"http:\/\/smartdata.tonytemplates.com\/cleaning-service\/?page_id=292"},"modified":"2023-05-31T14:34:20","modified_gmt":"2023-05-31T14:34:20","slug":"our-services","status":"publish","type":"page","link":"http:\/\/cleaningagencyistria.hr\/en\/our-services\/","title":{"rendered":"Usluge \u010ci\u0161\u010denja"},"content":{"rendered":"<div class=\"vc_row wpb_row vc_row-fluid vc_custom_1502334790653\"><div class=\"wpb_column vc_column_container vc_col-sm-12\"><div class=\"vc_column-inner\"><div class=\"wpb_wrapper\">\n\t<div class=\"wpb_text_column wpb_content_element\" >\n\t\t<div class=\"wpb_wrapper\">\n\t\t\t<h2 class=\"text-center h-lg h-decor\">Our services<\/h2>\n\n\t\t<\/div>\n\t<\/div>\n<\/div><\/div><\/div><\/div><div class=\"vc_row wpb_row vc_row-fluid\"><div class=\"wpb_column vc_column_container vc_col-sm-12\"><div class=\"vc_column-inner\"><div class=\"wpb_wrapper\">\n\t<div class=\"wpb_text_column wpb_content_element\" >\n\t\t<div class=\"wpb_wrapper\">\n\t\t\t\n\t\t<\/div>\n\t<\/div>\n<\/div><\/div><\/div><\/div><div class=\"vc_row wpb_row vc_row-fluid\">\n\n        <div class=\"row services-grid services-mobile-carousel\">\n                    <div class=\"col-xs-6 col-sm-6 col-md-4 service-box\">\n              \n                <img decoding=\"async\" src=\"http:\/\/cleaningagencyistria.hr\/wp-content\/uploads\/2023\/05\/app-villa-309x309.jpg\" alt=\"Services Images\">\n                                 <h3 class=\"service-box-title\">\n                Apartments and villas<\/h3>\n            <div class=\"service-box-text\">\n                Tidying, cleaning and maintenance of the apartment for the satisfaction of you and your guests            <\/div>\n                    <\/div>\n\n\n                <div class=\"col-xs-6 col-sm-6 col-md-4 service-box\">\n              \n                <img decoding=\"async\" src=\"http:\/\/cleaningagencyistria.hr\/wp-content\/uploads\/2023\/05\/stambenip-309x309.jpg\" alt=\"Services Images\">\n                                 <h3 class=\"service-box-title\">\n                Housing<\/h3>\n            <div class=\"service-box-text\">\n                Polishing, cleaning and maintenance of living space for your priceless comfort            <\/div>\n                    <\/div>\n\n\n                <div class=\"col-xs-6 col-sm-6 col-md-4 service-box\">\n              \n                <img decoding=\"async\" src=\"http:\/\/cleaningagencyistria.hr\/wp-content\/uploads\/2023\/05\/selidba-309x309.jpg\" alt=\"Services Images\">\n                                 <h3 class=\"service-box-title\">\n                Removals and renovations<\/h3>\n            <div class=\"service-box-text\">\n                Leave the worry about dust and dirt when moving or renovating to us. You have other concerns...            <\/div>\n                    <\/div>\n\n\n                <div class=\"col-xs-6 col-sm-6 col-md-4 service-box\">\n              \n                <img decoding=\"async\" src=\"http:\/\/cleaningagencyistria.hr\/wp-content\/uploads\/2023\/05\/ured-309x309.jpg\" alt=\"Services Images\">\n                                 <h3 class=\"service-box-title\">\n                Office space<\/h3>\n            <div class=\"service-box-text\">\n                After a long and tiring working day, go home carefree. We will prepare everything for the new working day!            <\/div>\n                    <\/div>\n\n\n                <div class=\"col-xs-6 col-sm-6 col-md-4 service-box\">\n              \n                <img decoding=\"async\" src=\"http:\/\/cleaningagencyistria.hr\/wp-content\/uploads\/2023\/05\/stubiste-309x309.jpg\" alt=\"Services Images\">\n                                 <h3 class=\"service-box-title\">\n                Buildings<\/h3>\n            <div class=\"service-box-text\">\n                For a good and harmonious relationship with the neighbours, you should start with the cleanliness of the common areas            <\/div>\n                    <\/div>\n\n\n                <div class=\"col-xs-6 col-sm-6 col-md-4 service-box\">\n              \n                <img decoding=\"async\" src=\"http:\/\/cleaningagencyistria.hr\/wp-content\/uploads\/2023\/05\/parcijalno-309x309.jpg\" alt=\"Services Images\">\n                                 <h3 class=\"service-box-title\">\n                Partial surfaces<\/h3>\n            <div class=\"service-box-text\">\n                We also clean partially according to your wishes - kitchen or toilet or just the room...You choose!            <\/div>\n                    <\/div>\n\n\n                <\/div>\n        <div class=\"wpb_column vc_column_container vc_col-sm-12\"><div class=\"vc_column-inner\"><div class=\"wpb_wrapper\"><\/div><\/div><\/div><\/div><div class=\"vc_row wpb_row vc_row-fluid banner-text-2u\"><div class=\"wpb_column vc_column_container vc_col-sm-12\"><div class=\"vc_column-inner\"><div class=\"wpb_wrapper\">\n\t<div class=\"wpb_text_column wpb_content_element\" >\n\t\t<div class=\"wpb_wrapper\">\n\t\t\t<div class=\"block fullwidth-sm no-pad\">\n<div class=\"container\">\n<div class=\"banner-text text-center\">\n<div>Schedule a Free Cleaning Estimate Today<\/div>\n<p><i class=\"icon icon-technology\"><\/i><b><a href=\"tel: 385981707641\">+385 (0) 98 170 76 41<\/a><\/b><\/p>\n<\/div>\n<\/div>\n<\/div>\n\n\t\t<\/div>\n\t<\/div>\n<\/div><\/div><\/div><\/div><div data-vc-full-width=\"true\" data-vc-full-width-init=\"false\" class=\"vc_row wpb_row vc_row-fluid services-pages-list vc_custom_1505801363273 vc_row-has-fill\"><div class=\"wpb_column vc_column_container vc_col-sm-12\"><div class=\"vc_column-inner\"><div class=\"wpb_wrapper\">\n\t<div class=\"wpb_text_column wpb_content_element\" >\n\t\t<div class=\"wpb_wrapper\">\n\t\t\t<h2 class=\"text-center h-lg h-decor\">Additional Services<\/h2>\n\n\t\t<\/div>\n\t<\/div>\n<div class=\"vc_row wpb_row vc_inner vc_row-fluid\"><div class=\"list-item-services wpb_column vc_column_container vc_col-sm-3\"><div class=\"vc_column-inner\"><div class=\"wpb_wrapper\">\n\t<div class=\"wpb_text_column wpb_content_element\" >\n\t\t<div class=\"wpb_wrapper\">\n\t\t\t<ul class=\"marker-list\">\n<li>TV\/Accessories<\/li>\n<li>Shelves<\/li>\n<li>Picture frames<\/li>\n<li>Tables<\/li>\n<li>Chairs<\/li>\n<li>Lamps and ceiling lights<\/li>\n<\/ul>\n\n\t\t<\/div>\n\t<\/div>\n<\/div><\/div><\/div><div class=\"list-item-services wpb_column vc_column_container vc_col-sm-3\"><div class=\"vc_column-inner\"><div class=\"wpb_wrapper\">\n\t<div class=\"wpb_text_column wpb_content_element\" >\n\t\t<div class=\"wpb_wrapper\">\n\t\t\t<ul class=\"marker-list\">\n<li>Decorative lights<\/li>\n<li>Fans<\/li>\n<li>Mirrors<\/li>\n<li>Shower Caddys<\/li>\n<li>Trash Cans<\/li>\n<li>Shower cabin<\/li>\n<\/ul>\n\n\t\t<\/div>\n\t<\/div>\n<\/div><\/div><\/div><div class=\"list-item-services wpb_column vc_column_container vc_col-sm-3\"><div class=\"vc_column-inner\"><div class=\"wpb_wrapper\">\n\t<div class=\"wpb_text_column wpb_content_element  hide-first-in-mobile\" >\n\t\t<div class=\"wpb_wrapper\">\n\t\t\t<ul class=\"marker-list\">\n<li>Stove Tops<\/li>\n<li>Lockers<\/li>\n<li>Showers<\/li>\n<li>Microwaves<\/li>\n<li>Return Mats<\/li>\n<li>Behind Wall Units<\/li>\n<\/ul>\n\n\t\t<\/div>\n\t<\/div>\n<\/div><\/div><\/div><div class=\"list-item-services wpb_column vc_column_container vc_col-sm-3\"><div class=\"vc_column-inner\"><div class=\"wpb_wrapper\">\n\t<div class=\"wpb_text_column wpb_content_element  hide-first-in-mobile\" >\n\t\t<div class=\"wpb_wrapper\">\n\t\t\t<ul class=\"marker-list\">\n<li>Dishwashers<\/li>\n<li>Beds<\/li>\n<li>Carpets<\/li>\n<li>Door knobs<\/li>\n<li>Shoe lockers<\/li>\n<li>Refrigerators<\/li>\n<\/ul>\n\n\t\t<\/div>\n\t<\/div>\n<\/div><\/div><\/div><\/div><\/div><\/div><\/div><\/div><div class=\"vc_row-full-width vc_clearfix\"><\/div>","protected":false},"excerpt":{"rendered":"Usluge \u010di\u0161\u010denja Apartmana i vile Pospremanje, \u010di\u0161\u010denje i odr\u017eavanje apartmana za zadovoljstvo Vas i Va\u0161ih gostiju Stambenog prostora Glancanje, \u010di\u0161\u010denje i odr\u017eavanje stambenog prostora za Va\u0161u neprocjenjivu ugodu Selidbe i renoviranja Brigu oko pra\u0161ine i prljav\u0161tine prilikom seljenja ili renoviranja prepustite nama. Vi imate drugih briga... Poslovnog prostora Nakon dugog i napornog radnog dana bezbri\u017eno [...]","protected":false},"author":1,"featured_media":0,"parent":0,"menu_order":0,"comment_status":"closed","ping_status":"closed","template":"","meta":{"footnotes":""},"class_list":["post-292","page","type-page","status-publish","hentry"],"yoast_head":"<!-- This site is optimized with the Yoast SEO plugin v22.3 - https:\/\/yoast.com\/wordpress\/plugins\/seo\/ -->\n<title>Usluge \u010ci\u0161\u010denja - Cleaning Agency Istria<\/title>\n<meta name=\"robots\" content=\"index, follow, max-snippet:-1, max-image-preview:large, max-video-preview:-1\" \/>\n<link rel=\"canonical\" href=\"http:\/\/cleaningagencyistria.hr\/en\/our-services\/\" \/>\n<meta property=\"og:locale\" content=\"en_US\" \/>\n<meta property=\"og:type\" content=\"article\" \/>\n<meta property=\"og:title\" content=\"Usluge \u010ci\u0161\u010denja - Cleaning Agency Istria\" \/>\n<meta property=\"og:url\" content=\"http:\/\/cleaningagencyistria.hr\/en\/our-services\/\" \/>\n<meta property=\"og:site_name\" content=\"Cleaning Agency Istria\" \/>\n<meta property=\"article:modified_time\" content=\"2023-05-31T14:34:20+00:00\" \/>\n<meta name=\"twitter:card\" content=\"summary_large_image\" \/>\n<meta name=\"twitter:label1\" content=\"Est. reading time\" \/>\n\t<meta name=\"twitter:data1\" content=\"2 minutes\" \/>\n<script type=\"application\/ld+json\" class=\"yoast-schema-graph\">{\"@context\":\"https:\/\/schema.org\",\"@graph\":[{\"@type\":\"WebPage\",\"@id\":\"https:\/\/cleaningagencyistria.hr\/our-services\/\",\"url\":\"https:\/\/cleaningagencyistria.hr\/our-services\/\",\"name\":\"Usluge \u010ci\u0161\u010denja - Cleaning Agency Istria\",\"isPartOf\":{\"@id\":\"http:\/\/cleaningagencyistria.hr\/#website\"},\"datePublished\":\"2017-06-21T04:59:35+00:00\",\"dateModified\":\"2023-05-31T14:34:20+00:00\",\"breadcrumb\":{\"@id\":\"https:\/\/cleaningagencyistria.hr\/our-services\/#breadcrumb\"},\"inLanguage\":\"en-US\",\"potentialAction\":[{\"@type\":\"ReadAction\",\"target\":[\"https:\/\/cleaningagencyistria.hr\/our-services\/\"]}]},{\"@type\":\"BreadcrumbList\",\"@id\":\"https:\/\/cleaningagencyistria.hr\/our-services\/#breadcrumb\",\"itemListElement\":[{\"@type\":\"ListItem\",\"position\":1,\"name\":\"Po\u010detna\",\"item\":\"http:\/\/cleaningagencyistria.hr\/\"},{\"@type\":\"ListItem\",\"position\":2,\"name\":\"Usluge \u010ci\u0161\u010denja\"}]},{\"@type\":\"WebSite\",\"@id\":\"http:\/\/cleaningagencyistria.hr\/#website\",\"url\":\"http:\/\/cleaningagencyistria.hr\/\",\"name\":\"Cleaning Agency Istria\",\"description\":\"Sparkling Clean\",\"potentialAction\":[{\"@type\":\"SearchAction\",\"target\":{\"@type\":\"EntryPoint\",\"urlTemplate\":\"http:\/\/cleaningagencyistria.hr\/?s={search_term_string}\"},\"query-input\":\"required name=search_term_string\"}],\"inLanguage\":\"en-US\"}]}<\/script>\n<!-- \/ Yoast SEO plugin. -->","yoast_head_json":{"title":"Usluge \u010ci\u0161\u010denja - Cleaning Agency Istria","robots":{"index":"index","follow":"follow","max-snippet":"max-snippet:-1","max-image-preview":"max-image-preview:large","max-video-preview":"max-video-preview:-1"},"canonical":"http:\/\/cleaningagencyistria.hr\/en\/our-services\/","og_locale":"en_US","og_type":"article","og_title":"Usluge \u010ci\u0161\u010denja - Cleaning Agency Istria","og_url":"http:\/\/cleaningagencyistria.hr\/en\/our-services\/","og_site_name":"Cleaning Agency Istria","article_modified_time":"2023-05-31T14:34:20+00:00","twitter_card":"summary_large_image","twitter_misc":{"Est. reading time":"2 minutes"},"schema":{"@context":"https:\/\/schema.org","@graph":[{"@type":"WebPage","@id":"https:\/\/cleaningagencyistria.hr\/our-services\/","url":"https:\/\/cleaningagencyistria.hr\/our-services\/","name":"Usluge \u010ci\u0161\u010denja - Cleaning Agency Istria","isPartOf":{"@id":"http:\/\/cleaningagencyistria.hr\/#website"},"datePublished":"2017-06-21T04:59:35+00:00","dateModified":"2023-05-31T14:34:20+00:00","breadcrumb":{"@id":"https:\/\/cleaningagencyistria.hr\/our-services\/#breadcrumb"},"inLanguage":"en-US","potentialAction":[{"@type":"ReadAction","target":["https:\/\/cleaningagencyistria.hr\/our-services\/"]}]},{"@type":"BreadcrumbList","@id":"https:\/\/cleaningagencyistria.hr\/our-services\/#breadcrumb","itemListElement":[{"@type":"ListItem","position":1,"name":"Po\u010detna","item":"http:\/\/cleaningagencyistria.hr\/"},{"@type":"ListItem","position":2,"name":"Usluge \u010ci\u0161\u010denja"}]},{"@type":"WebSite","@id":"http:\/\/cleaningagencyistria.hr\/#website","url":"http:\/\/cleaningagencyistria.hr\/","name":"Cleaning Agency Istria","description":"Sparkling Clean","potentialAction":[{"@type":"SearchAction","target":{"@type":"EntryPoint","urlTemplate":"http:\/\/cleaningagencyistria.hr\/?s={search_term_string}"},"query-input":"required name=search_term_string"}],"inLanguage":"en-US"}]}},"_links":{"self":[{"href":"http:\/\/cleaningagencyistria.hr\/en\/wp-json\/wp\/v2\/pages\/292","targetHints":{"allow":["GET"]}}],"collection":[{"href":"http:\/\/cleaningagencyistria.hr\/en\/wp-json\/wp\/v2\/pages"}],"about":[{"href":"http:\/\/cleaningagencyistria.hr\/en\/wp-json\/wp\/v2\/types\/page"}],"author":[{"embeddable":true,"href":"http:\/\/cleaningagencyistria.hr\/en\/wp-json\/wp\/v2\/users\/1"}],"replies":[{"embeddable":true,"href":"http:\/\/cleaningagencyistria.hr\/en\/wp-json\/wp\/v2\/comments?post=292"}],"version-history":[{"count":36,"href":"http:\/\/cleaningagencyistria.hr\/en\/wp-json\/wp\/v2\/pages\/292\/revisions"}],"predecessor-version":[{"id":1626,"href":"http:\/\/cleaningagencyistria.hr\/en\/wp-json\/wp\/v2\/pages\/292\/revisions\/1626"}],"wp:attachment":[{"href":"http:\/\/cleaningagencyistria.hr\/en\/wp-json\/wp\/v2\/media?parent=292"}],"curies":[{"name":"wp","href":"https:\/\/api.w.org\/{rel}","templated":true}]}}