{"id":290,"date":"2017-06-21T04:59:10","date_gmt":"2017-06-21T04:59:10","guid":{"rendered":"http:\/\/smartdata.tonytemplates.com\/cleaning-service\/?page_id=290"},"modified":"2023-06-03T15:56:21","modified_gmt":"2023-06-03T15:56:21","slug":"about-us","status":"publish","type":"page","link":"http:\/\/cleaningagencyistria.hr\/en\/about-us\/","title":{"rendered":"About Us"},"content":{"rendered":"<div class=\"vc_row wpb_row vc_row-fluid vc_custom_1502334726697\"><div class=\"wpb_column vc_column_container vc_col-sm-12\"><div class=\"vc_column-inner\"><div class=\"wpb_wrapper\">\n\t<div class=\"wpb_text_column wpb_content_element\" >\n\t\t<div class=\"wpb_wrapper\">\n\t\t\t<h1 class=\"text-center h-decor\">About our cleaning service<\/h1>\n\n\t\t<\/div>\n\t<\/div>\n<\/div><\/div><\/div><\/div><div data-vc-full-width=\"true\" data-vc-full-width-init=\"false\" data-vc-stretch-content=\"true\" class=\"vc_row wpb_row vc_row-fluid about-top-txt vc_custom_1499060433376 vc_row-has-fill vc_row-no-padding\"><div class=\"wpb_column vc_column_container vc_col-sm-6\"><div class=\"vc_column-inner\"><div class=\"wpb_wrapper\">\n\t<div  class=\"wpb_single_image wpb_content_element vc_align_left\">\n\t\t\n\t\t<figure class=\"wpb_wrapper vc_figure\">\n\t\t\t<div class=\"vc_single_image-wrapper   vc_box_border_grey\"><img loading=\"lazy\" decoding=\"async\" width=\"2560\" height=\"1707\" src=\"http:\/\/cleaningagencyistria.hr\/wp-content\/uploads\/2023\/05\/team-scaled.jpg\" class=\"vc_single_image-img attachment-full\" alt=\"\" srcset=\"http:\/\/cleaningagencyistria.hr\/wp-content\/uploads\/2023\/05\/team-scaled.jpg 2560w, http:\/\/cleaningagencyistria.hr\/wp-content\/uploads\/2023\/05\/team-300x200.jpg 300w, http:\/\/cleaningagencyistria.hr\/wp-content\/uploads\/2023\/05\/team-1024x683.jpg 1024w, http:\/\/cleaningagencyistria.hr\/wp-content\/uploads\/2023\/05\/team-768x512.jpg 768w, http:\/\/cleaningagencyistria.hr\/wp-content\/uploads\/2023\/05\/team-1536x1024.jpg 1536w, http:\/\/cleaningagencyistria.hr\/wp-content\/uploads\/2023\/05\/team-2048x1365.jpg 2048w, http:\/\/cleaningagencyistria.hr\/wp-content\/uploads\/2023\/05\/team-18x12.jpg 18w, http:\/\/cleaningagencyistria.hr\/wp-content\/uploads\/2023\/05\/team-725x483.jpg 725w, http:\/\/cleaningagencyistria.hr\/wp-content\/uploads\/2023\/05\/team-600x400.jpg 600w\" sizes=\"auto, (max-width: 2560px) 100vw, 2560px\" \/><\/div>\n\t\t<\/figure>\n\t<\/div>\n<\/div><\/div><\/div><div class=\"row-flex-text wpb_column vc_column_container vc_col-sm-6\"><div class=\"vc_column-inner\"><div class=\"wpb_wrapper\">\n\t<div class=\"wpb_text_column wpb_content_element  col-50 ab-pages\" >\n\t\t<div class=\"wpb_wrapper\">\n\t\t\t<div class=\"bg-text-inside\">\n<h3>More than 20 years of experience<\/h3>\n<p>CLEANING AGENCY ISTRIA<span class=\"HwtZe\" lang=\"hr\"><span class=\"jCAhz ChMk0b\"><span class=\"ryNqvb\"> is a cleaning service company that provides comprehensive, high-quality and reliable cleaning solutions for apartments, homes and houses, commercial, industrial and public facilities.<\/span><\/span><\/span><\/p>\n<p><span class=\"HwtZe\" lang=\"hr\"><span class=\"jCAhz ChMk0b\"><span class=\"ryNqvb\">With 20 years of experience in the cleaning and maintenance industry, diligent management and work ethics are key to the business philosophy of the services we offer, i.e., we provide nothing less than consistent, quality cleaning services.<\/span><\/span> <span class=\"jCAhz ChMk0b\"><span class=\"ryNqvb\">We are proud of the fact that clients place their trust in us, and in return they receive nothing less than sparkling cleanliness that always brings a smile of happiness and satisfaction.<\/span><\/span><\/span><\/p>\n<\/div>\n\n\t\t<\/div>\n\t<\/div>\n<\/div><\/div><\/div><\/div><div class=\"vc_row-full-width vc_clearfix\"><\/div><div class=\"vc_row wpb_row vc_row-fluid\"><div class=\"wpb_column vc_column_container vc_col-sm-12\"><div class=\"vc_column-inner\"><div class=\"wpb_wrapper\"><div class=\"vc_empty_space\"   style=\"height: 50px\" ><span class=\"vc_empty_space_inner\"><\/span><\/div>\n<div class=\"row\">        <div class=\"col-sm-6 col-xs-12\">\n            <h2>Our goal<\/h2>\n            <div class=\"text-icon-hor\">\n                <div class=\"text-icon-hor-icon\">\n                    <i class=\"icon icon-target\"><\/i>\n                <\/div>\n                <div class=\"text-icon-hor-text\">\n                    A job well done brings a satisfied client, so we strive to always meet all your expectations down to the smallest speck of dust.                <\/div>\n            <\/div>\n        <\/div>\n                <div class=\"col-sm-6 col-xs-12\">\n            <h2>Our vision<\/h2>\n            <div class=\"text-icon-hor\">\n                <div class=\"text-icon-hor-icon\">\n                    <i class=\"icon icon-bucket\"><\/i>\n                <\/div>\n                <div class=\"text-icon-hor-text\">\n                    Our vision is simple, a satisfied client always comes back, so we want to become the only cleaning service you will ever need and the only one you will return to                <\/div>\n            <\/div>\n        <\/div>\n        <\/div><div class=\"vc_empty_space\"   style=\"height: 100px\" ><span class=\"vc_empty_space_inner\"><\/span><\/div>\n<\/div><\/div><\/div><\/div><div data-vc-full-width=\"true\" data-vc-full-width-init=\"false\" data-vc-stretch-content=\"true\" class=\"vc_row wpb_row vc_row-fluid block fullwidth-bg bg-gradient-1 inset-35 home-block-1 vc_row-no-padding\"><div class=\"wpb_column vc_column_container vc_col-sm-12\"><div class=\"vc_column-inner\"><div class=\"wpb_wrapper\">\n\t<div class=\"wpb_text_column wpb_content_element  get-banner\" >\n\t\t<div class=\"wpb_wrapper\">\n\t\t\t<h2>If you are not satisfied - tell us and we will do our best to solve the problem!<\/h2>\n\n\t\t<\/div>\n\t<\/div>\n                    <a href=\"http:\/\/cleaningagencyistria.hr\/en\/contacts\/\" class=\"btn about-pages-btn btn-white\">\n             <i class=\"icon icon-technology\"><\/i>\n             Contact Us             <\/a>\n        <\/div><\/div><\/div><\/div><div class=\"vc_row-full-width vc_clearfix\"><\/div><div class=\"vc_row wpb_row vc_row-fluid\"><div class=\"wpb_column vc_column_container vc_col-sm-12\"><div class=\"vc_column-inner\"><div class=\"wpb_wrapper\">\n\t<div class=\"wpb_text_column wpb_content_element\" >\n\t\t<div class=\"wpb_wrapper\">\n\t\t\t<h1 class=\"text-center h-decor\">Our Values<\/h1>\n\n\t\t<\/div>\n\t<\/div>\n\n\t<div class=\"wpb_text_column wpb_content_element\" >\n\t\t<div class=\"wpb_wrapper\">\n\t\t\t<p class=\"text-center\">Our goal is Your satisfaction (of course after our cleaning work). Office Phone works around the clock (24\/7).<\/p>\n\n\t\t<\/div>\n\t<\/div>\n<div class=\"vc_row wpb_row vc_inner vc_row-fluid value-area\"><div class=\"wpb_column vc_column_container vc_col-sm-6\"><div class=\"vc_column-inner\"><div class=\"wpb_wrapper\">\n\t<div  class=\"wpb_single_image wpb_content_element vc_align_left\">\n\t\t\n\t\t<figure class=\"wpb_wrapper vc_figure\">\n\t\t\t<div class=\"vc_single_image-wrapper   vc_box_border_grey\"><img loading=\"lazy\" decoding=\"async\" width=\"618\" height=\"403\" src=\"http:\/\/cleaningagencyistria.hr\/wp-content\/uploads\/2023\/05\/vrijednosti.jpg\" class=\"vc_single_image-img attachment-full\" alt=\"\" srcset=\"http:\/\/cleaningagencyistria.hr\/wp-content\/uploads\/2023\/05\/vrijednosti.jpg 618w, http:\/\/cleaningagencyistria.hr\/wp-content\/uploads\/2023\/05\/vrijednosti-300x196.jpg 300w, http:\/\/cleaningagencyistria.hr\/wp-content\/uploads\/2023\/05\/vrijednosti-18x12.jpg 18w, http:\/\/cleaningagencyistria.hr\/wp-content\/uploads\/2023\/05\/vrijednosti-600x391.jpg 600w\" sizes=\"auto, (max-width: 618px) 100vw, 618px\" \/><\/div>\n\t\t<\/figure>\n\t<\/div>\n<\/div><\/div><\/div><div class=\"wpb_column vc_column_container vc_col-sm-6\"><div class=\"vc_column-inner\"><div class=\"wpb_wrapper\">\n\t<div class=\"wpb_text_column wpb_content_element\" >\n\t\t<div class=\"wpb_wrapper\">\n\t\t\t<ul class=\"marker-list\">\n<li><b>Client oriented:<\/b> <span class=\"HwtZe\" lang=\"hr\"><span class=\"jCAhz ChMk0b\"><span class=\"ryNqvb\">We serve our clients as if we were serving ourselves.<\/span><\/span> <span class=\"jCAhz ChMk0b\"><span class=\"ryNqvb\">We value their feedback and we use it to improve our work.<\/span><\/span><\/span><\/li>\n<li><b>Eco-Friendly Oriented:<\/b> W<span class=\"HwtZe\" lang=\"hr\"><span class=\"jCAhz ChMk0b\"><span class=\"ryNqvb\">e carefully choose the best and most natural cleaning products that give amazing results.<\/span><\/span><\/span><\/li>\n<li><b>Excellence and Innovation:<\/b> <span class=\"HwtZe\" lang=\"hr\"><span class=\"jCAhz ChMk0b\"><span class=\"ryNqvb\">We provide training to our personnel in order to ensure the high standard of service.<\/span><\/span> <span class=\"jCAhz ChMk0b\"><span class=\"ryNqvb\">We stay up-to-date on the latest innovations in eco-friendly products and technologies, allowing us to bring the best in to our clients\u2019 homes.<\/span><\/span><\/span><\/li>\n<li><b>Expansion \/ Growth:<\/b> We make ourselves known in the community; we create long term relations, while constantly expanding.<\/li>\n<\/ul>\n\n\t\t<\/div>\n\t<\/div>\n<\/div><\/div><\/div><\/div><\/div><\/div><\/div><\/div><div class=\"vc_row wpb_row vc_row-fluid vc_custom_1498114056290\"><div class=\"wpb_column vc_column_container vc_col-sm-12\"><div class=\"vc_column-inner\"><div class=\"wpb_wrapper\">\n\t<div class=\"wpb_text_column wpb_content_element\" >\n\t\t<div class=\"wpb_wrapper\">\n\t\t\t<h1 class=\"text-center h-decor\">History of Cleaning Company<\/h1>\n\n\t\t<\/div>\n\t<\/div>\n\n\t<div class=\"wpb_text_column wpb_content_element\" >\n\t\t<div class=\"wpb_wrapper\">\n\t\t\t<h3 class=\"text-center\">20 years of experience in cleaning<\/h3>\n\n\t\t<\/div>\n\t<\/div>\n\n\t<div class=\"wpb_text_column wpb_content_element\" >\n\t\t<div class=\"wpb_wrapper\">\n\t\t\t<p class=\"text-center\">We are a young and newly founded company with employees with over 20 years of work experience in the field of cleanliness and maintenance. Along with a lot of work done, new acquaintances, friendships, partnerships and jobs were created. Thanks to this, and above all to the satisfaction of our users over 20 years of work, we were encouraged to found our own company, which, in addition to existing connections from the past, will also create new business connections and partnerships, and that you will give us the opportunity to present ourselves to you with the belief that we will establish an unforgettable partnership with a lot of sparkling purity.<\/p>\n\n\t\t<\/div>\n\t<\/div>\n\n\t<div class=\"wpb_text_column wpb_content_element\" >\n\t\t<div class=\"wpb_wrapper\">\n\t\t\t<p class=\"info\">The company was founded in 2023, to which we brought a lot of knowledge and experience, and we enthusiastically and impatiently expect you to share this joy and the possibility of progress with us.<\/p>\n\n\t\t<\/div>\n\t<\/div>\n<\/div><\/div><\/div><\/div><div class=\"vc_row wpb_row vc_row-fluid vc_custom_1498114378108\"><div class=\"wpb_column vc_column_container vc_col-sm-12\"><div class=\"vc_column-inner\"><div class=\"wpb_wrapper\">        <div class=\"banner-guarantee\">\n            <div class=\"banner-guarantee-img banner-guarantee-img--topnegative\">\n                <img loading=\"lazy\" decoding=\"async\" width=\"1920\" height=\"1920\" src=\"http:\/\/cleaningagencyistria.hr\/wp-content\/uploads\/2023\/05\/satisfactionguaranteed.png\" class=\"attachment-full size-full\" alt=\"\" srcset=\"http:\/\/cleaningagencyistria.hr\/wp-content\/uploads\/2023\/05\/satisfactionguaranteed.png 1920w, http:\/\/cleaningagencyistria.hr\/wp-content\/uploads\/2023\/05\/satisfactionguaranteed-300x300.png 300w, http:\/\/cleaningagencyistria.hr\/wp-content\/uploads\/2023\/05\/satisfactionguaranteed-1024x1024.png 1024w, http:\/\/cleaningagencyistria.hr\/wp-content\/uploads\/2023\/05\/satisfactionguaranteed-150x150.png 150w, http:\/\/cleaningagencyistria.hr\/wp-content\/uploads\/2023\/05\/satisfactionguaranteed-768x768.png 768w, http:\/\/cleaningagencyistria.hr\/wp-content\/uploads\/2023\/05\/satisfactionguaranteed-1536x1536.png 1536w, http:\/\/cleaningagencyistria.hr\/wp-content\/uploads\/2023\/05\/satisfactionguaranteed-12x12.png 12w, http:\/\/cleaningagencyistria.hr\/wp-content\/uploads\/2023\/05\/satisfactionguaranteed-483x483.png 483w, http:\/\/cleaningagencyistria.hr\/wp-content\/uploads\/2023\/05\/satisfactionguaranteed-309x309.png 309w, http:\/\/cleaningagencyistria.hr\/wp-content\/uploads\/2023\/05\/satisfactionguaranteed-369x369.png 369w, http:\/\/cleaningagencyistria.hr\/wp-content\/uploads\/2023\/05\/satisfactionguaranteed-600x600.png 600w, http:\/\/cleaningagencyistria.hr\/wp-content\/uploads\/2023\/05\/satisfactionguaranteed-100x100.png 100w\" sizes=\"auto, (max-width: 1920px) 100vw, 1920px\" \/>            <\/div>\n            <div class=\"banner-guarantee-text\">\n                <h2>Satisfaction Guaranteed!<\/h2>\n                <p> <span class=\"HwtZe\" lang=\"hr\"><span class=\"jCAhz ChMk0b\"><span class=\"ryNqvb\">Your satisfaction is 100% guaranteed.<\/span><\/span> <span class=\"jCAhz ChMk0b\"><span class=\"ryNqvb\">If you are not satisfied with area we\u2019ve cleaned - although that hasn't happened yet, simply call us and we will come back out and reclean it.<\/span><\/span> With this, we guarantee that our hiring is risk-free and that we will not deprive you of your smile of delight.<span class=\"jCAhz ChMk0b\"><span class=\"ryNqvb\"><br \/>\n<\/span><\/span><\/span> <\/p>\n            <\/div>\n        <\/div>\n        <\/div><\/div><\/div><\/div>","protected":false},"excerpt":{"rendered":"O na\u0161em servisu Vi\u0161e od 20 godina iskustva CLEANING AGENCY ISTRIA je tvrtka za usluge \u010di\u0161\u0107enja koja pru\u017ea sveobuhvatna, visokokvalitetna i pouzdana rje\u0161enja za \u010di\u0161\u0107enje apartmana, domova i ku\u0107a, poslovnih, industrijskih i javnih objekata. Uz 20 godina iskustva u grani \u010di\u0161\u010denja i odr\u017eavanja te marljivo upravljanje i radna etika klju\u010dni su za poslovnu filozofiju usluga [...]","protected":false},"author":1,"featured_media":0,"parent":0,"menu_order":0,"comment_status":"closed","ping_status":"closed","template":"","meta":{"footnotes":""},"class_list":["post-290","page","type-page","status-publish","hentry"],"yoast_head":"<!-- This site is optimized with the Yoast SEO plugin v22.3 - https:\/\/yoast.com\/wordpress\/plugins\/seo\/ -->\n<title>O nama - Cleaning Agency Istria<\/title>\n<meta name=\"robots\" content=\"index, follow, max-snippet:-1, max-image-preview:large, max-video-preview:-1\" \/>\n<link rel=\"canonical\" href=\"https:\/\/cleaningagencyistria.hr\/en\/about-us\/\" \/>\n<meta property=\"og:locale\" content=\"en_US\" \/>\n<meta property=\"og:type\" content=\"article\" \/>\n<meta property=\"og:title\" content=\"O nama - Cleaning Agency Istria\" \/>\n<meta property=\"og:url\" content=\"https:\/\/cleaningagencyistria.hr\/en\/about-us\/\" \/>\n<meta property=\"og:site_name\" content=\"Cleaning Agency Istria\" \/>\n<meta property=\"article:modified_time\" content=\"2023-06-03T15:56:21+00:00\" \/>\n<meta name=\"twitter:card\" content=\"summary_large_image\" \/>\n<meta name=\"twitter:label1\" content=\"Est. reading time\" \/>\n\t<meta name=\"twitter:data1\" content=\"5 minutes\" \/>\n<script type=\"application\/ld+json\" class=\"yoast-schema-graph\">{\"@context\":\"https:\/\/schema.org\",\"@graph\":[{\"@type\":\"WebPage\",\"@id\":\"https:\/\/cleaningagencyistria.hr\/en\/about-us\/\",\"url\":\"https:\/\/cleaningagencyistria.hr\/en\/about-us\/\",\"name\":\"O nama - Cleaning Agency Istria\",\"isPartOf\":{\"@id\":\"http:\/\/cleaningagencyistria.hr\/#website\"},\"datePublished\":\"2017-06-21T04:59:10+00:00\",\"dateModified\":\"2023-06-03T15:56:21+00:00\",\"breadcrumb\":{\"@id\":\"https:\/\/cleaningagencyistria.hr\/en\/about-us\/#breadcrumb\"},\"inLanguage\":\"en-US\",\"potentialAction\":[{\"@type\":\"ReadAction\",\"target\":[\"https:\/\/cleaningagencyistria.hr\/en\/about-us\/\"]}]},{\"@type\":\"BreadcrumbList\",\"@id\":\"https:\/\/cleaningagencyistria.hr\/en\/about-us\/#breadcrumb\",\"itemListElement\":[{\"@type\":\"ListItem\",\"position\":1,\"name\":\"Po\u010detna\",\"item\":\"http:\/\/cleaningagencyistria.hr\/\"},{\"@type\":\"ListItem\",\"position\":2,\"name\":\"O nama\"}]},{\"@type\":\"WebSite\",\"@id\":\"http:\/\/cleaningagencyistria.hr\/#website\",\"url\":\"http:\/\/cleaningagencyistria.hr\/\",\"name\":\"Cleaning Agency Istria\",\"description\":\"Sparkling Clean\",\"potentialAction\":[{\"@type\":\"SearchAction\",\"target\":{\"@type\":\"EntryPoint\",\"urlTemplate\":\"http:\/\/cleaningagencyistria.hr\/?s={search_term_string}\"},\"query-input\":\"required name=search_term_string\"}],\"inLanguage\":\"en-US\"}]}<\/script>\n<!-- \/ Yoast SEO plugin. -->","yoast_head_json":{"title":"O nama - Cleaning Agency Istria","robots":{"index":"index","follow":"follow","max-snippet":"max-snippet:-1","max-image-preview":"max-image-preview:large","max-video-preview":"max-video-preview:-1"},"canonical":"https:\/\/cleaningagencyistria.hr\/en\/about-us\/","og_locale":"en_US","og_type":"article","og_title":"O nama - Cleaning Agency Istria","og_url":"https:\/\/cleaningagencyistria.hr\/en\/about-us\/","og_site_name":"Cleaning Agency Istria","article_modified_time":"2023-06-03T15:56:21+00:00","twitter_card":"summary_large_image","twitter_misc":{"Est. reading time":"5 minutes"},"schema":{"@context":"https:\/\/schema.org","@graph":[{"@type":"WebPage","@id":"https:\/\/cleaningagencyistria.hr\/en\/about-us\/","url":"https:\/\/cleaningagencyistria.hr\/en\/about-us\/","name":"O nama - Cleaning Agency Istria","isPartOf":{"@id":"http:\/\/cleaningagencyistria.hr\/#website"},"datePublished":"2017-06-21T04:59:10+00:00","dateModified":"2023-06-03T15:56:21+00:00","breadcrumb":{"@id":"https:\/\/cleaningagencyistria.hr\/en\/about-us\/#breadcrumb"},"inLanguage":"en-US","potentialAction":[{"@type":"ReadAction","target":["https:\/\/cleaningagencyistria.hr\/en\/about-us\/"]}]},{"@type":"BreadcrumbList","@id":"https:\/\/cleaningagencyistria.hr\/en\/about-us\/#breadcrumb","itemListElement":[{"@type":"ListItem","position":1,"name":"Po\u010detna","item":"http:\/\/cleaningagencyistria.hr\/"},{"@type":"ListItem","position":2,"name":"O nama"}]},{"@type":"WebSite","@id":"http:\/\/cleaningagencyistria.hr\/#website","url":"http:\/\/cleaningagencyistria.hr\/","name":"Cleaning Agency Istria","description":"Sparkling Clean","potentialAction":[{"@type":"SearchAction","target":{"@type":"EntryPoint","urlTemplate":"http:\/\/cleaningagencyistria.hr\/?s={search_term_string}"},"query-input":"required name=search_term_string"}],"inLanguage":"en-US"}]}},"_links":{"self":[{"href":"http:\/\/cleaningagencyistria.hr\/en\/wp-json\/wp\/v2\/pages\/290","targetHints":{"allow":["GET"]}}],"collection":[{"href":"http:\/\/cleaningagencyistria.hr\/en\/wp-json\/wp\/v2\/pages"}],"about":[{"href":"http:\/\/cleaningagencyistria.hr\/en\/wp-json\/wp\/v2\/types\/page"}],"author":[{"embeddable":true,"href":"http:\/\/cleaningagencyistria.hr\/en\/wp-json\/wp\/v2\/users\/1"}],"replies":[{"embeddable":true,"href":"http:\/\/cleaningagencyistria.hr\/en\/wp-json\/wp\/v2\/comments?post=290"}],"version-history":[{"count":21,"href":"http:\/\/cleaningagencyistria.hr\/en\/wp-json\/wp\/v2\/pages\/290\/revisions"}],"predecessor-version":[{"id":1648,"href":"http:\/\/cleaningagencyistria.hr\/en\/wp-json\/wp\/v2\/pages\/290\/revisions\/1648"}],"wp:attachment":[{"href":"http:\/\/cleaningagencyistria.hr\/en\/wp-json\/wp\/v2\/media?parent=290"}],"curies":[{"name":"wp","href":"https:\/\/api.w.org\/{rel}","templated":true}]}}