{"id":1697,"date":"2024-03-30T19:20:54","date_gmt":"2024-03-30T19:20:54","guid":{"rendered":"http:\/\/cleaningagencyistria.hr\/?page_id=1697"},"modified":"2024-03-30T22:44:45","modified_gmt":"2024-03-30T22:44:45","slug":"caidubinskociscenje","status":"publish","type":"page","link":"http:\/\/cleaningagencyistria.hr\/en\/caidubinskociscenje\/","title":{"rendered":"Deep Cleaning Price List"},"content":{"rendered":"<div class=\"vc_row wpb_row vc_row-fluid\">\n\t<div  class=\"wpb_single_image wpb_content_element vc_align_center\">\n\t\t\n\t\t<figure class=\"wpb_wrapper vc_figure\">\n\t\t\t<div class=\"vc_single_image-wrapper   vc_box_border_grey\"><img loading=\"lazy\" decoding=\"async\" width=\"1810\" height=\"2560\" src=\"http:\/\/cleaningagencyistria.hr\/wp-content\/uploads\/2024\/03\/Cjenik-scaled.jpg\" class=\"vc_single_image-img attachment-full\" alt=\"\" srcset=\"http:\/\/cleaningagencyistria.hr\/wp-content\/uploads\/2024\/03\/Cjenik-scaled.jpg 1810w, http:\/\/cleaningagencyistria.hr\/wp-content\/uploads\/2024\/03\/Cjenik-212x300.jpg 212w, http:\/\/cleaningagencyistria.hr\/wp-content\/uploads\/2024\/03\/Cjenik-724x1024.jpg 724w, http:\/\/cleaningagencyistria.hr\/wp-content\/uploads\/2024\/03\/Cjenik-768x1086.jpg 768w, http:\/\/cleaningagencyistria.hr\/wp-content\/uploads\/2024\/03\/Cjenik-1086x1536.jpg 1086w, http:\/\/cleaningagencyistria.hr\/wp-content\/uploads\/2024\/03\/Cjenik-1448x2048.jpg 1448w, http:\/\/cleaningagencyistria.hr\/wp-content\/uploads\/2024\/03\/Cjenik-8x12.jpg 8w, http:\/\/cleaningagencyistria.hr\/wp-content\/uploads\/2024\/03\/Cjenik-341x483.jpg 341w, http:\/\/cleaningagencyistria.hr\/wp-content\/uploads\/2024\/03\/Cjenik-600x849.jpg 600w\" sizes=\"auto, (max-width: 1810px) 100vw, 1810px\" \/><\/div>\n\t\t<\/figure>\n\t<\/div>\n<\/div>","protected":false},"excerpt":{"rendered":"","protected":false},"author":1,"featured_media":0,"parent":0,"menu_order":0,"comment_status":"closed","ping_status":"closed","template":"redux-templates_full_width","meta":{"footnotes":""},"class_list":["post-1697","page","type-page","status-publish","hentry"],"yoast_head":"<!-- This site is optimized with the Yoast SEO plugin v22.3 - https:\/\/yoast.com\/wordpress\/plugins\/seo\/ -->\n<title>Cjenik dubinskog \u010di\u0161\u0107enja - Cleaning Agency Istria<\/title>\n<meta name=\"robots\" content=\"index, follow, max-snippet:-1, max-image-preview:large, max-video-preview:-1\" \/>\n<link rel=\"canonical\" href=\"http:\/\/cleaningagencyistria.hr\/en\/caidubinskociscenje\/\" \/>\n<meta property=\"og:locale\" content=\"en_US\" \/>\n<meta property=\"og:type\" content=\"article\" \/>\n<meta property=\"og:title\" content=\"Cjenik dubinskog \u010di\u0161\u0107enja - Cleaning Agency Istria\" \/>\n<meta property=\"og:url\" content=\"http:\/\/cleaningagencyistria.hr\/en\/caidubinskociscenje\/\" \/>\n<meta property=\"og:site_name\" content=\"Cleaning Agency Istria\" \/>\n<meta property=\"article:modified_time\" content=\"2024-03-30T22:44:45+00:00\" \/>\n<meta name=\"twitter:card\" content=\"summary_large_image\" \/>\n<meta name=\"twitter:label1\" content=\"Est. reading time\" \/>\n\t<meta name=\"twitter:data1\" content=\"1 minute\" \/>\n<script type=\"application\/ld+json\" class=\"yoast-schema-graph\">{\"@context\":\"https:\/\/schema.org\",\"@graph\":[{\"@type\":\"WebPage\",\"@id\":\"http:\/\/cleaningagencyistria.hr\/caidubinskociscenje\/\",\"url\":\"http:\/\/cleaningagencyistria.hr\/caidubinskociscenje\/\",\"name\":\"Cjenik dubinskog \u010di\u0161\u0107enja - Cleaning Agency Istria\",\"isPartOf\":{\"@id\":\"http:\/\/cleaningagencyistria.hr\/#website\"},\"datePublished\":\"2024-03-30T19:20:54+00:00\",\"dateModified\":\"2024-03-30T22:44:45+00:00\",\"breadcrumb\":{\"@id\":\"http:\/\/cleaningagencyistria.hr\/caidubinskociscenje\/#breadcrumb\"},\"inLanguage\":\"en-US\",\"potentialAction\":[{\"@type\":\"ReadAction\",\"target\":[\"http:\/\/cleaningagencyistria.hr\/caidubinskociscenje\/\"]}]},{\"@type\":\"BreadcrumbList\",\"@id\":\"http:\/\/cleaningagencyistria.hr\/caidubinskociscenje\/#breadcrumb\",\"itemListElement\":[{\"@type\":\"ListItem\",\"position\":1,\"name\":\"Po\u010detna\",\"item\":\"http:\/\/cleaningagencyistria.hr\/\"},{\"@type\":\"ListItem\",\"position\":2,\"name\":\"Cjenik dubinskog \u010di\u0161\u0107enja\"}]},{\"@type\":\"WebSite\",\"@id\":\"http:\/\/cleaningagencyistria.hr\/#website\",\"url\":\"http:\/\/cleaningagencyistria.hr\/\",\"name\":\"Cleaning Agency Istria\",\"description\":\"Sparkling Clean\",\"potentialAction\":[{\"@type\":\"SearchAction\",\"target\":{\"@type\":\"EntryPoint\",\"urlTemplate\":\"http:\/\/cleaningagencyistria.hr\/?s={search_term_string}\"},\"query-input\":\"required name=search_term_string\"}],\"inLanguage\":\"en-US\"}]}<\/script>\n<!-- \/ Yoast SEO plugin. -->","yoast_head_json":{"title":"Cjenik dubinskog \u010di\u0161\u0107enja - Cleaning Agency Istria","robots":{"index":"index","follow":"follow","max-snippet":"max-snippet:-1","max-image-preview":"max-image-preview:large","max-video-preview":"max-video-preview:-1"},"canonical":"http:\/\/cleaningagencyistria.hr\/en\/caidubinskociscenje\/","og_locale":"en_US","og_type":"article","og_title":"Cjenik dubinskog \u010di\u0161\u0107enja - Cleaning Agency Istria","og_url":"http:\/\/cleaningagencyistria.hr\/en\/caidubinskociscenje\/","og_site_name":"Cleaning Agency Istria","article_modified_time":"2024-03-30T22:44:45+00:00","twitter_card":"summary_large_image","twitter_misc":{"Est. reading time":"1 minute"},"schema":{"@context":"https:\/\/schema.org","@graph":[{"@type":"WebPage","@id":"http:\/\/cleaningagencyistria.hr\/caidubinskociscenje\/","url":"http:\/\/cleaningagencyistria.hr\/caidubinskociscenje\/","name":"Cjenik dubinskog \u010di\u0161\u0107enja - Cleaning Agency Istria","isPartOf":{"@id":"http:\/\/cleaningagencyistria.hr\/#website"},"datePublished":"2024-03-30T19:20:54+00:00","dateModified":"2024-03-30T22:44:45+00:00","breadcrumb":{"@id":"http:\/\/cleaningagencyistria.hr\/caidubinskociscenje\/#breadcrumb"},"inLanguage":"en-US","potentialAction":[{"@type":"ReadAction","target":["http:\/\/cleaningagencyistria.hr\/caidubinskociscenje\/"]}]},{"@type":"BreadcrumbList","@id":"http:\/\/cleaningagencyistria.hr\/caidubinskociscenje\/#breadcrumb","itemListElement":[{"@type":"ListItem","position":1,"name":"Po\u010detna","item":"http:\/\/cleaningagencyistria.hr\/"},{"@type":"ListItem","position":2,"name":"Cjenik dubinskog \u010di\u0161\u0107enja"}]},{"@type":"WebSite","@id":"http:\/\/cleaningagencyistria.hr\/#website","url":"http:\/\/cleaningagencyistria.hr\/","name":"Cleaning Agency Istria","description":"Sparkling Clean","potentialAction":[{"@type":"SearchAction","target":{"@type":"EntryPoint","urlTemplate":"http:\/\/cleaningagencyistria.hr\/?s={search_term_string}"},"query-input":"required name=search_term_string"}],"inLanguage":"en-US"}]}},"_links":{"self":[{"href":"http:\/\/cleaningagencyistria.hr\/en\/wp-json\/wp\/v2\/pages\/1697","targetHints":{"allow":["GET"]}}],"collection":[{"href":"http:\/\/cleaningagencyistria.hr\/en\/wp-json\/wp\/v2\/pages"}],"about":[{"href":"http:\/\/cleaningagencyistria.hr\/en\/wp-json\/wp\/v2\/types\/page"}],"author":[{"embeddable":true,"href":"http:\/\/cleaningagencyistria.hr\/en\/wp-json\/wp\/v2\/users\/1"}],"replies":[{"embeddable":true,"href":"http:\/\/cleaningagencyistria.hr\/en\/wp-json\/wp\/v2\/comments?post=1697"}],"version-history":[{"count":20,"href":"http:\/\/cleaningagencyistria.hr\/en\/wp-json\/wp\/v2\/pages\/1697\/revisions"}],"predecessor-version":[{"id":1724,"href":"http:\/\/cleaningagencyistria.hr\/en\/wp-json\/wp\/v2\/pages\/1697\/revisions\/1724"}],"wp:attachment":[{"href":"http:\/\/cleaningagencyistria.hr\/en\/wp-json\/wp\/v2\/media?parent=1697"}],"curies":[{"name":"wp","href":"https:\/\/api.w.org\/{rel}","templated":true}]}}