{"id":1446,"date":"2023-05-27T22:13:49","date_gmt":"2023-05-27T22:13:49","guid":{"rendered":"http:\/\/cleaningagencyistria.hr\/?page_id=1446"},"modified":"2023-05-30T17:31:57","modified_gmt":"2023-05-30T17:31:57","slug":"payment-terms","status":"publish","type":"page","link":"http:\/\/cleaningagencyistria.hr\/en\/payment-terms\/","title":{"rendered":"Terms of payment"},"content":{"rendered":"<p>Payment is made exclusively as <strong>TRANSFER PAYMENT<\/strong> which you can pay by:<\/p>\n\n\n\n<ul class=\"wp-block-list\">\n<li>Transfer slip<\/li>\n\n\n\n<li>Internet banking<\/li>\n<\/ul>\n\n\n\n<p>You can pay with a transfer slip at FINA branches, post offices or any bank.<br>Under the \"call to the number\" enter the number of the offer or a bill by which the payment will be made.<\/p>\n\n\n\n<p><strong>PAYMENT INFORMATION<\/strong><\/p>\n\n\n\n<p><strong>CLEANING AGENCY ISTRIA, obrt za \u010di\u0161\u0107enje, vl. Renata Badrov<br><\/strong><strong>Ulica Sigari 9, Gali\u017eana<br>52215 Vodnjan<br>PIN: 72778055585<br>IN: 98572679<br>IBAN: HR5123800061130009282<\/strong> at Istarska Kreditna Banka Umag d.d.<\/p>\n\n\n\n<p>For all inquiries related to payment or arrangements, please contact us at the above information or at:<\/p>\n\n\n\n<p><strong>E-Mail:<\/strong> <a href=\"mailto:info@cleaningagencyistria.hr\">info@cleaningagencyistria.hr<\/a><br><strong>Telephone:<\/strong> <a href=\"tel: 385981707641\">+385 (0)98 170 7641<\/a><\/p>\n\n\n\n<p><\/p>","protected":false},"excerpt":{"rendered":"<p>Pla\u0107anje se vr\u0161i isklju\u010divo kao VIRMANSKO PLA\u0106ANJE koje mo\u017eete izvr\u0161iti: Op\u0107om uplatnicom mo\u017eete uplatiti u poslovnicama FINA, po\u0161tanskim uredima ili bilo kojoj banci.Pod poziv na broj upi\u0161ite broj ponude ili ra\u010duna po kojem se vr\u0161i pla\u010danje. PODACI ZA UPLATU CLEANING AGENCY ISTRIA, obrt za \u010di\u0161\u0107enje, vl. Renata BadrovUlica Sigari 9, Gali\u017eana52215 VodnjanOIB: 72778055585MB: 98572679IBAN: HR5123800061130009282 [&hellip;]<\/p>","protected":false},"author":1,"featured_media":0,"parent":0,"menu_order":0,"comment_status":"closed","ping_status":"closed","template":"","meta":{"footnotes":""},"class_list":["post-1446","page","type-page","status-publish","hentry"],"yoast_head":"<!-- This site is optimized with the Yoast SEO plugin v22.3 - https:\/\/yoast.com\/wordpress\/plugins\/seo\/ -->\n<title>Uvjeti pla\u0107anja - Cleaning Agency Istria<\/title>\n<meta name=\"robots\" content=\"index, follow, max-snippet:-1, max-image-preview:large, max-video-preview:-1\" \/>\n<link rel=\"canonical\" href=\"http:\/\/cleaningagencyistria.hr\/en\/payment-terms\/\" \/>\n<meta property=\"og:locale\" content=\"en_US\" \/>\n<meta property=\"og:type\" content=\"article\" \/>\n<meta property=\"og:title\" content=\"Uvjeti pla\u0107anja - Cleaning Agency Istria\" \/>\n<meta property=\"og:description\" content=\"Pla\u0107anje se vr\u0161i isklju\u010divo kao VIRMANSKO PLA\u0106ANJE koje mo\u017eete izvr\u0161iti: Op\u0107om uplatnicom mo\u017eete uplatiti u poslovnicama FINA, po\u0161tanskim uredima ili bilo kojoj banci.Pod poziv na broj upi\u0161ite broj ponude ili ra\u010duna po kojem se vr\u0161i pla\u010danje. PODACI ZA UPLATU CLEANING AGENCY ISTRIA, obrt za \u010di\u0161\u0107enje, vl. Renata BadrovUlica Sigari 9, Gali\u017eana52215 VodnjanOIB: 72778055585MB: 98572679IBAN: HR5123800061130009282 [&hellip;]\" \/>\n<meta property=\"og:url\" content=\"http:\/\/cleaningagencyistria.hr\/en\/payment-terms\/\" \/>\n<meta property=\"og:site_name\" content=\"Cleaning Agency Istria\" \/>\n<meta property=\"article:modified_time\" content=\"2023-05-30T17:31:57+00:00\" \/>\n<meta name=\"twitter:card\" content=\"summary_large_image\" \/>\n<meta name=\"twitter:label1\" content=\"Est. reading time\" \/>\n\t<meta name=\"twitter:data1\" content=\"1 minute\" \/>\n<script type=\"application\/ld+json\" class=\"yoast-schema-graph\">{\"@context\":\"https:\/\/schema.org\",\"@graph\":[{\"@type\":\"WebPage\",\"@id\":\"http:\/\/cleaningagencyistria.hr\/en\/payment-terms\/\",\"url\":\"http:\/\/cleaningagencyistria.hr\/en\/payment-terms\/\",\"name\":\"Uvjeti pla\u0107anja - Cleaning Agency Istria\",\"isPartOf\":{\"@id\":\"http:\/\/cleaningagencyistria.hr\/#website\"},\"datePublished\":\"2023-05-27T22:13:49+00:00\",\"dateModified\":\"2023-05-30T17:31:57+00:00\",\"breadcrumb\":{\"@id\":\"http:\/\/cleaningagencyistria.hr\/en\/payment-terms\/#breadcrumb\"},\"inLanguage\":\"en-US\",\"potentialAction\":[{\"@type\":\"ReadAction\",\"target\":[\"http:\/\/cleaningagencyistria.hr\/en\/payment-terms\/\"]}]},{\"@type\":\"BreadcrumbList\",\"@id\":\"http:\/\/cleaningagencyistria.hr\/en\/payment-terms\/#breadcrumb\",\"itemListElement\":[{\"@type\":\"ListItem\",\"position\":1,\"name\":\"Po\u010detna\",\"item\":\"http:\/\/cleaningagencyistria.hr\/\"},{\"@type\":\"ListItem\",\"position\":2,\"name\":\"Uvjeti pla\u0107anja\"}]},{\"@type\":\"WebSite\",\"@id\":\"http:\/\/cleaningagencyistria.hr\/#website\",\"url\":\"http:\/\/cleaningagencyistria.hr\/\",\"name\":\"Cleaning Agency Istria\",\"description\":\"Sparkling Clean\",\"potentialAction\":[{\"@type\":\"SearchAction\",\"target\":{\"@type\":\"EntryPoint\",\"urlTemplate\":\"http:\/\/cleaningagencyistria.hr\/?s={search_term_string}\"},\"query-input\":\"required name=search_term_string\"}],\"inLanguage\":\"en-US\"}]}<\/script>\n<!-- \/ Yoast SEO plugin. -->","yoast_head_json":{"title":"Uvjeti pla\u0107anja - Cleaning Agency Istria","robots":{"index":"index","follow":"follow","max-snippet":"max-snippet:-1","max-image-preview":"max-image-preview:large","max-video-preview":"max-video-preview:-1"},"canonical":"http:\/\/cleaningagencyistria.hr\/en\/payment-terms\/","og_locale":"en_US","og_type":"article","og_title":"Uvjeti pla\u0107anja - Cleaning Agency Istria","og_description":"Pla\u0107anje se vr\u0161i isklju\u010divo kao VIRMANSKO PLA\u0106ANJE koje mo\u017eete izvr\u0161iti: Op\u0107om uplatnicom mo\u017eete uplatiti u poslovnicama FINA, po\u0161tanskim uredima ili bilo kojoj banci.Pod poziv na broj upi\u0161ite broj ponude ili ra\u010duna po kojem se vr\u0161i pla\u010danje. PODACI ZA UPLATU CLEANING AGENCY ISTRIA, obrt za \u010di\u0161\u0107enje, vl. Renata BadrovUlica Sigari 9, Gali\u017eana52215 VodnjanOIB: 72778055585MB: 98572679IBAN: HR5123800061130009282 [&hellip;]","og_url":"http:\/\/cleaningagencyistria.hr\/en\/payment-terms\/","og_site_name":"Cleaning Agency Istria","article_modified_time":"2023-05-30T17:31:57+00:00","twitter_card":"summary_large_image","twitter_misc":{"Est. reading time":"1 minute"},"schema":{"@context":"https:\/\/schema.org","@graph":[{"@type":"WebPage","@id":"http:\/\/cleaningagencyistria.hr\/en\/payment-terms\/","url":"http:\/\/cleaningagencyistria.hr\/en\/payment-terms\/","name":"Uvjeti pla\u0107anja - Cleaning Agency Istria","isPartOf":{"@id":"http:\/\/cleaningagencyistria.hr\/#website"},"datePublished":"2023-05-27T22:13:49+00:00","dateModified":"2023-05-30T17:31:57+00:00","breadcrumb":{"@id":"http:\/\/cleaningagencyistria.hr\/en\/payment-terms\/#breadcrumb"},"inLanguage":"en-US","potentialAction":[{"@type":"ReadAction","target":["http:\/\/cleaningagencyistria.hr\/en\/payment-terms\/"]}]},{"@type":"BreadcrumbList","@id":"http:\/\/cleaningagencyistria.hr\/en\/payment-terms\/#breadcrumb","itemListElement":[{"@type":"ListItem","position":1,"name":"Po\u010detna","item":"http:\/\/cleaningagencyistria.hr\/"},{"@type":"ListItem","position":2,"name":"Uvjeti pla\u0107anja"}]},{"@type":"WebSite","@id":"http:\/\/cleaningagencyistria.hr\/#website","url":"http:\/\/cleaningagencyistria.hr\/","name":"Cleaning Agency Istria","description":"Sparkling Clean","potentialAction":[{"@type":"SearchAction","target":{"@type":"EntryPoint","urlTemplate":"http:\/\/cleaningagencyistria.hr\/?s={search_term_string}"},"query-input":"required name=search_term_string"}],"inLanguage":"en-US"}]}},"_links":{"self":[{"href":"http:\/\/cleaningagencyistria.hr\/en\/wp-json\/wp\/v2\/pages\/1446","targetHints":{"allow":["GET"]}}],"collection":[{"href":"http:\/\/cleaningagencyistria.hr\/en\/wp-json\/wp\/v2\/pages"}],"about":[{"href":"http:\/\/cleaningagencyistria.hr\/en\/wp-json\/wp\/v2\/types\/page"}],"author":[{"embeddable":true,"href":"http:\/\/cleaningagencyistria.hr\/en\/wp-json\/wp\/v2\/users\/1"}],"replies":[{"embeddable":true,"href":"http:\/\/cleaningagencyistria.hr\/en\/wp-json\/wp\/v2\/comments?post=1446"}],"version-history":[{"count":36,"href":"http:\/\/cleaningagencyistria.hr\/en\/wp-json\/wp\/v2\/pages\/1446\/revisions"}],"predecessor-version":[{"id":1583,"href":"http:\/\/cleaningagencyistria.hr\/en\/wp-json\/wp\/v2\/pages\/1446\/revisions\/1583"}],"wp:attachment":[{"href":"http:\/\/cleaningagencyistria.hr\/en\/wp-json\/wp\/v2\/media?parent=1446"}],"curies":[{"name":"wp","href":"https:\/\/api.w.org\/{rel}","templated":true}]}}